{"id":9725,"date":"2023-02-09T09:43:15","date_gmt":"2023-02-09T09:43:15","guid":{"rendered":"https:\/\/malaguti-bicycles.com\/aline-bock\/"},"modified":"2023-02-27T14:43:24","modified_gmt":"2023-02-27T14:43:24","slug":"aline-bock","status":"publish","type":"page","link":"https:\/\/malaguti-bicycles.com\/en\/aline-bock\/","title":{"rendered":"Aline Bock"},"content":{"rendered":"","protected":false},"excerpt":{"rendered":"","protected":false},"author":20,"featured_media":0,"parent":0,"menu_order":0,"comment_status":"closed","ping_status":"closed","template":"template-content-page.php","meta":{"inline_featured_image":false},"acf":{"content":[{"acf_fc_layout":"text_area","text":"<h1>Brand Buddies<\/h1>\n","cta_button_label":"","cta_link":null},{"acf_fc_layout":"image_grid","image_grid_images":[{"grid_image":{"ID":8252,"id":8252,"title":"aline_bock_wald","filename":"aline_bock_wald.webp","filesize":290822,"url":"https:\/\/malaguti-bicycles.com\/wp-content\/uploads\/sites\/2\/2022\/10\/aline_bock_wald.webp","link":"https:\/\/malaguti-bicycles.com\/en\/aline-bock\/aline_bock_wald-2\/","alt":"Aline Bock Brand Buddies","author":"20","description":"","caption":"","name":"aline_bock_wald-2","status":"inherit","uploaded_to":9725,"date":"2022-10-24 11:44:32","modified":"2023-02-09 09:43:17","menu_order":0,"mime_type":"image\/webp","type":"image","subtype":"webp","icon":"https:\/\/malaguti-bicycles.com\/wp-includes\/images\/media\/default.png","width":1813,"height":1020,"sizes":{"thumbnail":"https:\/\/malaguti-bicycles.com\/wp-content\/uploads\/sites\/2\/2022\/10\/aline_bock_wald-150x150.webp","thumbnail-width":150,"thumbnail-height":150,"medium":"https:\/\/malaguti-bicycles.com\/wp-content\/uploads\/sites\/2\/2022\/10\/aline_bock_wald-300x169.webp","medium-width":300,"medium-height":169,"medium_large":"https:\/\/malaguti-bicycles.com\/wp-content\/uploads\/sites\/2\/2022\/10\/aline_bock_wald-768x432.webp","medium_large-width":768,"medium_large-height":432,"large":"https:\/\/malaguti-bicycles.com\/wp-content\/uploads\/sites\/2\/2022\/10\/aline_bock_wald-1024x576.webp","large-width":1024,"large-height":576,"1536x1536":"https:\/\/malaguti-bicycles.com\/wp-content\/uploads\/sites\/2\/2022\/10\/aline_bock_wald-1536x864.webp","1536x1536-width":1536,"1536x1536-height":864,"2048x2048":"https:\/\/malaguti-bicycles.com\/wp-content\/uploads\/sites\/2\/2022\/10\/aline_bock_wald.webp","2048x2048-width":1813,"2048x2048-height":1020}},"grid_image_width":"100"}]},{"acf_fc_layout":"spacer","desktop":"100","tablet":"75","phone":"50","background_colour":"#000"},{"acf_fc_layout":"text_image","text":"<h1 style=\"text-align: left;\">Aline Bock<\/h1>\n<p style=\"text-align: left;\"><strong>Born:<\/strong> 1982 in Gie\u00dfen, Germany<\/p>\n<p style=\"text-align: left;\"><strong>Homebase:<\/strong> Innsbruck<\/p>\n<p style=\"text-align: left;\"><strong>Disciplines:<\/strong> Snowboard: Slopestyle, Freeride, Halfpipe; [Surfing, Bike+, Outdoor with kids]<\/p>\n<p style=\"text-align: left;\"><strong>Greatest successes:<\/strong> Freeride World Champion (Snowboard)<\/p>\n<p style=\"text-align: left;\"><strong>Bike:<\/strong> CIVETTA FS 6.1<\/p>\n","image":{"ID":8309,"id":8309,"title":"aline_bock_portrait_3","filename":"aline_bock_portrait_3.webp","filesize":121794,"url":"https:\/\/malaguti-bicycles.com\/wp-content\/uploads\/sites\/2\/2022\/10\/aline_bock_portrait_3.webp","link":"https:\/\/malaguti-bicycles.com\/en\/aline-bock\/aline_bock_portrait_3-2\/","alt":"Malaguti Aline Bock","author":"20","description":"","caption":"","name":"aline_bock_portrait_3-2","status":"inherit","uploaded_to":9725,"date":"2022-10-24 12:06:45","modified":"2023-02-09 09:43:17","menu_order":0,"mime_type":"image\/webp","type":"image","subtype":"webp","icon":"https:\/\/malaguti-bicycles.com\/wp-includes\/images\/media\/default.png","width":800,"height":1067,"sizes":{"thumbnail":"https:\/\/malaguti-bicycles.com\/wp-content\/uploads\/sites\/2\/2022\/10\/aline_bock_portrait_3-150x150.webp","thumbnail-width":150,"thumbnail-height":150,"medium":"https:\/\/malaguti-bicycles.com\/wp-content\/uploads\/sites\/2\/2022\/10\/aline_bock_portrait_3-225x300.webp","medium-width":225,"medium-height":300,"medium_large":"https:\/\/malaguti-bicycles.com\/wp-content\/uploads\/sites\/2\/2022\/10\/aline_bock_portrait_3-768x1024.webp","medium_large-width":768,"medium_large-height":1024,"large":"https:\/\/malaguti-bicycles.com\/wp-content\/uploads\/sites\/2\/2022\/10\/aline_bock_portrait_3-768x1024.webp","large-width":768,"large-height":1024,"1536x1536":"https:\/\/malaguti-bicycles.com\/wp-content\/uploads\/sites\/2\/2022\/10\/aline_bock_portrait_3.webp","1536x1536-width":800,"1536x1536-height":1067,"2048x2048":"https:\/\/malaguti-bicycles.com\/wp-content\/uploads\/sites\/2\/2022\/10\/aline_bock_portrait_3.webp","2048x2048-width":800,"2048x2048-height":1067}},"options":{"image_position":"image-position-right","background_colour":"background-white","width":"","vertical_padding":""}},{"acf_fc_layout":"text_image","text":"<p style=\"text-align: left;\"><strong>Warum:<\/strong> The CIVETTA FS 6.1 takes me everywhere with the bike trailer. Without a Malaguti e-bike I was previously quite lost, because around our place of residence just everywhere it&#8217;s going uphill and so I have always pulled the twins only in the plain. This became quite monotonous over time. Now I can finally head for a few mountain pastures again without being completely exhausted afterwards. This always gives me a feeling of new freedom.<\/p>\n<p style=\"text-align: left;\">And without the twins, it&#8217;s really fun on the trails directly behind our home for the &#8220;after-work round&#8221;. Simply a real all-rounder.<\/p>\n","image":{"ID":8269,"id":8269,"title":"aline_wald","filename":"aline_wald.webp","filesize":311956,"url":"https:\/\/malaguti-bicycles.com\/wp-content\/uploads\/sites\/2\/2022\/10\/aline_wald.webp","link":"https:\/\/malaguti-bicycles.com\/en\/aline-bock\/aline_wald-2\/","alt":"Aline Bock Wald","author":"20","description":"","caption":"","name":"aline_wald-2","status":"inherit","uploaded_to":9725,"date":"2022-10-24 11:56:00","modified":"2023-02-09 09:43:17","menu_order":0,"mime_type":"image\/webp","type":"image","subtype":"webp","icon":"https:\/\/malaguti-bicycles.com\/wp-includes\/images\/media\/default.png","width":1980,"height":1114,"sizes":{"thumbnail":"https:\/\/malaguti-bicycles.com\/wp-content\/uploads\/sites\/2\/2022\/10\/aline_wald-150x150.webp","thumbnail-width":150,"thumbnail-height":150,"medium":"https:\/\/malaguti-bicycles.com\/wp-content\/uploads\/sites\/2\/2022\/10\/aline_wald-300x169.webp","medium-width":300,"medium-height":169,"medium_large":"https:\/\/malaguti-bicycles.com\/wp-content\/uploads\/sites\/2\/2022\/10\/aline_wald-768x432.webp","medium_large-width":768,"medium_large-height":432,"large":"https:\/\/malaguti-bicycles.com\/wp-content\/uploads\/sites\/2\/2022\/10\/aline_wald-1024x576.webp","large-width":1024,"large-height":576,"1536x1536":"https:\/\/malaguti-bicycles.com\/wp-content\/uploads\/sites\/2\/2022\/10\/aline_wald-1536x864.webp","1536x1536-width":1536,"1536x1536-height":864,"2048x2048":"https:\/\/malaguti-bicycles.com\/wp-content\/uploads\/sites\/2\/2022\/10\/aline_wald.webp","2048x2048-width":1980,"2048x2048-height":1114}},"options":{"image_position":"image-position-left","background_colour":"background-black","width":"","vertical_padding":""}},{"acf_fc_layout":"text_image","text":"<p style=\"text-align: left;\"><strong>Location:<\/strong> Around the mountains of Innsbruck, mountain pastures and trails in the immediate vicinity.<\/p>\n<p style=\"text-align: left;\"><strong>5 words which would describe you best:<\/strong> adventurous, team player, travelling, stubborn and sporty<\/p>\n","image":{"ID":8328,"id":8328,"title":"aline_bock_action_wald","filename":"aline_bock_action_wald.webp","filesize":153920,"url":"https:\/\/malaguti-bicycles.com\/wp-content\/uploads\/sites\/2\/2022\/10\/aline_bock_action_wald.webp","link":"https:\/\/malaguti-bicycles.com\/en\/aline-bock\/aline_bock_action_wald-2\/","alt":"Malaguti Aline Bock","author":"20","description":"","caption":"","name":"aline_bock_action_wald-2","status":"inherit","uploaded_to":9725,"date":"2022-10-24 12:11:57","modified":"2023-02-09 09:43:17","menu_order":0,"mime_type":"image\/webp","type":"image","subtype":"webp","icon":"https:\/\/malaguti-bicycles.com\/wp-includes\/images\/media\/default.png","width":1024,"height":768,"sizes":{"thumbnail":"https:\/\/malaguti-bicycles.com\/wp-content\/uploads\/sites\/2\/2022\/10\/aline_bock_action_wald-150x150.webp","thumbnail-width":150,"thumbnail-height":150,"medium":"https:\/\/malaguti-bicycles.com\/wp-content\/uploads\/sites\/2\/2022\/10\/aline_bock_action_wald-300x225.webp","medium-width":300,"medium-height":225,"medium_large":"https:\/\/malaguti-bicycles.com\/wp-content\/uploads\/sites\/2\/2022\/10\/aline_bock_action_wald-768x576.webp","medium_large-width":768,"medium_large-height":576,"large":"https:\/\/malaguti-bicycles.com\/wp-content\/uploads\/sites\/2\/2022\/10\/aline_bock_action_wald.webp","large-width":1024,"large-height":768,"1536x1536":"https:\/\/malaguti-bicycles.com\/wp-content\/uploads\/sites\/2\/2022\/10\/aline_bock_action_wald.webp","1536x1536-width":1024,"1536x1536-height":768,"2048x2048":"https:\/\/malaguti-bicycles.com\/wp-content\/uploads\/sites\/2\/2022\/10\/aline_bock_action_wald.webp","2048x2048-width":1024,"2048x2048-height":768}},"options":{"image_position":"image-position-right","background_colour":"background-white","width":"","vertical_padding":""}},{"acf_fc_layout":"text_image","text":"<p style=\"text-align: left;\"><strong>What we don&#8217;t know yet:<\/strong><br \/>\nI have a problem with batteries! For example, my phone as well as my computer is simply never fully charged and my battery status is almost always below 10%. Important phone calls or online meetings have been abruptly ended several times.<\/p>\n<p style=\"text-align: left;\">This was already my downfall on one of my trips with the children.<\/p>\n<p style=\"text-align: left;\">I had once again forgotten to charge the battery of the Malaguti e-bike and so I drove off with the twins unsuspectingly. Patsch is located in the middle of the mountains there are simply no flat cycle paths here.<\/p>\n<p style=\"text-align: left;\">I arrived home about 30 minutes late and absolutely drenched in sweat. we have this saying in Austria: What you don&#8217;t have in your head, you have in your legs! That&#8217;s so true!<\/p>\n","image":{"ID":8320,"id":8320,"title":"aline_bock_wand","filename":"aline_bock_wand.webp","filesize":196690,"url":"https:\/\/malaguti-bicycles.com\/wp-content\/uploads\/sites\/2\/2022\/10\/aline_bock_wand.webp","link":"https:\/\/malaguti-bicycles.com\/en\/aline-bock\/aline_bock_wand-2\/","alt":"Malaguti Aline Bock","author":"20","description":"","caption":"","name":"aline_bock_wand-2","status":"inherit","uploaded_to":9725,"date":"2022-10-24 12:11:56","modified":"2023-02-09 09:43:17","menu_order":0,"mime_type":"image\/webp","type":"image","subtype":"webp","icon":"https:\/\/malaguti-bicycles.com\/wp-includes\/images\/media\/default.png","width":1024,"height":768,"sizes":{"thumbnail":"https:\/\/malaguti-bicycles.com\/wp-content\/uploads\/sites\/2\/2022\/10\/aline_bock_wand-150x150.webp","thumbnail-width":150,"thumbnail-height":150,"medium":"https:\/\/malaguti-bicycles.com\/wp-content\/uploads\/sites\/2\/2022\/10\/aline_bock_wand-300x225.webp","medium-width":300,"medium-height":225,"medium_large":"https:\/\/malaguti-bicycles.com\/wp-content\/uploads\/sites\/2\/2022\/10\/aline_bock_wand-768x576.webp","medium_large-width":768,"medium_large-height":576,"large":"https:\/\/malaguti-bicycles.com\/wp-content\/uploads\/sites\/2\/2022\/10\/aline_bock_wand.webp","large-width":1024,"large-height":768,"1536x1536":"https:\/\/malaguti-bicycles.com\/wp-content\/uploads\/sites\/2\/2022\/10\/aline_bock_wand.webp","1536x1536-width":1024,"1536x1536-height":768,"2048x2048":"https:\/\/malaguti-bicycles.com\/wp-content\/uploads\/sites\/2\/2022\/10\/aline_bock_wand.webp","2048x2048-width":1024,"2048x2048-height":768}},"options":{"image_position":"image-position-left","background_colour":"background-white","width":"","vertical_padding":""}},{"acf_fc_layout":"image_grid","image_grid_images":[{"grid_image":{"ID":8293,"id":8293,"title":"aline_bock_portrait_1","filename":"aline_bock_portrait_1.webp","filesize":164456,"url":"https:\/\/malaguti-bicycles.com\/wp-content\/uploads\/sites\/2\/2022\/10\/aline_bock_portrait_1.webp","link":"https:\/\/malaguti-bicycles.com\/en\/aline-bock\/aline_bock_portrait_1-2\/","alt":"Aline Bock Portrait","author":"20","description":"","caption":"","name":"aline_bock_portrait_1-2","status":"inherit","uploaded_to":9725,"date":"2022-10-24 12:06:12","modified":"2023-02-09 09:43:17","menu_order":0,"mime_type":"image\/webp","type":"image","subtype":"webp","icon":"https:\/\/malaguti-bicycles.com\/wp-includes\/images\/media\/default.png","width":1980,"height":1114,"sizes":{"thumbnail":"https:\/\/malaguti-bicycles.com\/wp-content\/uploads\/sites\/2\/2022\/10\/aline_bock_portrait_1-150x150.webp","thumbnail-width":150,"thumbnail-height":150,"medium":"https:\/\/malaguti-bicycles.com\/wp-content\/uploads\/sites\/2\/2022\/10\/aline_bock_portrait_1-300x169.webp","medium-width":300,"medium-height":169,"medium_large":"https:\/\/malaguti-bicycles.com\/wp-content\/uploads\/sites\/2\/2022\/10\/aline_bock_portrait_1-768x432.webp","medium_large-width":768,"medium_large-height":432,"large":"https:\/\/malaguti-bicycles.com\/wp-content\/uploads\/sites\/2\/2022\/10\/aline_bock_portrait_1-1024x576.webp","large-width":1024,"large-height":576,"1536x1536":"https:\/\/malaguti-bicycles.com\/wp-content\/uploads\/sites\/2\/2022\/10\/aline_bock_portrait_1-1536x864.webp","1536x1536-width":1536,"1536x1536-height":864,"2048x2048":"https:\/\/malaguti-bicycles.com\/wp-content\/uploads\/sites\/2\/2022\/10\/aline_bock_portrait_1.webp","2048x2048-width":1980,"2048x2048-height":1114}},"grid_image_width":"100"},{"grid_image":{"ID":8301,"id":8301,"title":"aline_bock_portrait_2","filename":"aline_bock_portrait_2.webp","filesize":121580,"url":"https:\/\/malaguti-bicycles.com\/wp-content\/uploads\/sites\/2\/2022\/10\/aline_bock_portrait_2.webp","link":"https:\/\/malaguti-bicycles.com\/en\/aline-bock\/aline_bock_portrait_2-2\/","alt":"Malaguti Aline Bock","author":"20","description":"","caption":"","name":"aline_bock_portrait_2-2","status":"inherit","uploaded_to":9725,"date":"2022-10-24 12:06:44","modified":"2023-02-09 09:43:17","menu_order":0,"mime_type":"image\/webp","type":"image","subtype":"webp","icon":"https:\/\/malaguti-bicycles.com\/wp-includes\/images\/media\/default.png","width":800,"height":1067,"sizes":{"thumbnail":"https:\/\/malaguti-bicycles.com\/wp-content\/uploads\/sites\/2\/2022\/10\/aline_bock_portrait_2-150x150.webp","thumbnail-width":150,"thumbnail-height":150,"medium":"https:\/\/malaguti-bicycles.com\/wp-content\/uploads\/sites\/2\/2022\/10\/aline_bock_portrait_2-225x300.webp","medium-width":225,"medium-height":300,"medium_large":"https:\/\/malaguti-bicycles.com\/wp-content\/uploads\/sites\/2\/2022\/10\/aline_bock_portrait_2-768x1024.webp","medium_large-width":768,"medium_large-height":1024,"large":"https:\/\/malaguti-bicycles.com\/wp-content\/uploads\/sites\/2\/2022\/10\/aline_bock_portrait_2-768x1024.webp","large-width":768,"large-height":1024,"1536x1536":"https:\/\/malaguti-bicycles.com\/wp-content\/uploads\/sites\/2\/2022\/10\/aline_bock_portrait_2.webp","1536x1536-width":800,"1536x1536-height":1067,"2048x2048":"https:\/\/malaguti-bicycles.com\/wp-content\/uploads\/sites\/2\/2022\/10\/aline_bock_portrait_2.webp","2048x2048-width":800,"2048x2048-height":1067}},"grid_image_width":"50"},{"grid_image":{"ID":8918,"id":8918,"title":"aliine_bock_wald_abfahrt","filename":"aliine_bock_wald_abfahrt.webp","filesize":227060,"url":"https:\/\/malaguti-bicycles.com\/wp-content\/uploads\/sites\/2\/2022\/12\/aliine_bock_wald_abfahrt.webp","link":"https:\/\/malaguti-bicycles.com\/en\/aline-bock\/aliine_bock_wald_abfahrt-2\/","alt":"Aline Bock Abfahrt","author":"20","description":"","caption":"","name":"aliine_bock_wald_abfahrt-2","status":"inherit","uploaded_to":9725,"date":"2022-12-12 14:06:43","modified":"2023-02-09 09:43:17","menu_order":0,"mime_type":"image\/webp","type":"image","subtype":"webp","icon":"https:\/\/malaguti-bicycles.com\/wp-includes\/images\/media\/default.png","width":820,"height":1094,"sizes":{"thumbnail":"https:\/\/malaguti-bicycles.com\/wp-content\/uploads\/sites\/2\/2022\/12\/aliine_bock_wald_abfahrt-150x150.webp","thumbnail-width":150,"thumbnail-height":150,"medium":"https:\/\/malaguti-bicycles.com\/wp-content\/uploads\/sites\/2\/2022\/12\/aliine_bock_wald_abfahrt-225x300.webp","medium-width":225,"medium-height":300,"medium_large":"https:\/\/malaguti-bicycles.com\/wp-content\/uploads\/sites\/2\/2022\/12\/aliine_bock_wald_abfahrt-768x1025.webp","medium_large-width":768,"medium_large-height":1025,"large":"https:\/\/malaguti-bicycles.com\/wp-content\/uploads\/sites\/2\/2022\/12\/aliine_bock_wald_abfahrt-768x1024.webp","large-width":768,"large-height":1024,"1536x1536":"https:\/\/malaguti-bicycles.com\/wp-content\/uploads\/sites\/2\/2022\/12\/aliine_bock_wald_abfahrt.webp","1536x1536-width":820,"1536x1536-height":1094,"2048x2048":"https:\/\/malaguti-bicycles.com\/wp-content\/uploads\/sites\/2\/2022\/12\/aliine_bock_wald_abfahrt.webp","2048x2048-width":820,"2048x2048-height":1094}},"grid_image_width":"50"}]},{"acf_fc_layout":"text_area","text":"<p>And 2022? Marriage and family growth! And mountain biking as a form of exercise in the mountains more: &#8220;With Malaguti Bicycles, we have expanded our radius to Innsbruck this year and can now take the twins to places in nature that were previously inaccessible.&#8221;<\/p>\n<p>We congratulate Aline on her offspring and are proud to have not only a freeride world champion at Malaguti, but also a new mother who will certainly not stop exploring the world.<\/p>\n","cta_button_label":"","cta_link":null}],"meta_description":"Mit den Twins im Gep\u00e4ck oder allein auf den Trails hinter unserem Wohnort f\u00fcr die \u201eFeierabendrunde\u201c macht das Malaguti e-Bike richtig Spass. ","meta_keywords":"Aline Bock, Freestyle, Brand Buddies, v\u00e9lo d'enduro, v\u00e9lo, Becane, Bicyclette, VTTAE, VTT \u00c9lectriques, assistance \u00e9lectrique, V\u00e9los \u00c9lectriques,  All Mountain, motorisation, p\u00e9dalage, v\u00e9lo tout-terrain, v\u00e9los hybrides, tout-suspendu, enduro, Cross Country MTB, Cross Country emtb, E mountainbike, Allround e mtb, MTB pedelec, ebike hardtail, Elektrofahrrad, e-bike, ebike, Pedelec, Elektrobike, SRAM, Shimano, Campagnolo, biciletta, bici, giro"},"yoast_head":"<!-- This site is optimized with the Yoast SEO plugin v21.1 - https:\/\/yoast.com\/wordpress\/plugins\/seo\/ -->\n<title>Aline Bock - Malaguti E-bikes<\/title>\n<meta name=\"description\" content=\"With the twins in the back or alone on the trails behind our home for the &quot;after-work round&quot;, the Malaguti e-bike is really fun.\" \/>\n<meta name=\"robots\" content=\"index, follow, max-snippet:-1, max-image-preview:large, max-video-preview:-1\" \/>\n<link rel=\"canonical\" href=\"https:\/\/malaguti-bicycles.com\/en\/aline-bock\/\" \/>\n<meta property=\"og:locale\" content=\"en_US\" \/>\n<meta property=\"og:type\" content=\"article\" \/>\n<meta property=\"og:title\" content=\"Aline Bock - Malaguti E-bikes\" \/>\n<meta property=\"og:description\" content=\"With the twins in the back or alone on the trails behind our home for the &quot;after-work round&quot;, the Malaguti e-bike is really fun.\" \/>\n<meta property=\"og:url\" content=\"https:\/\/malaguti-bicycles.com\/en\/aline-bock\/\" \/>\n<meta property=\"og:site_name\" content=\"Malaguti E-bikes\" \/>\n<meta property=\"article:publisher\" content=\"https:\/\/www.facebook.com\/Malaguti.Bicycles\" \/>\n<meta property=\"article:modified_time\" content=\"2023-02-27T14:43:24+00:00\" \/>\n<meta name=\"twitter:card\" content=\"summary_large_image\" \/>\n<script type=\"application\/ld+json\" class=\"yoast-schema-graph\">{\"@context\":\"https:\/\/schema.org\",\"@graph\":[{\"@type\":\"WebPage\",\"@id\":\"https:\/\/malaguti-bicycles.com\/en\/aline-bock\/\",\"url\":\"https:\/\/malaguti-bicycles.com\/en\/aline-bock\/\",\"name\":\"Aline Bock - Malaguti E-bikes\",\"isPartOf\":{\"@id\":\"https:\/\/malaguti-bicycles.com\/#website\"},\"datePublished\":\"2023-02-09T09:43:15+00:00\",\"dateModified\":\"2023-02-27T14:43:24+00:00\",\"description\":\"With the twins in the back or alone on the trails behind our home for the \\\"after-work round\\\", the Malaguti e-bike is really fun.\",\"breadcrumb\":{\"@id\":\"https:\/\/malaguti-bicycles.com\/en\/aline-bock\/#breadcrumb\"},\"inLanguage\":\"en-US\",\"potentialAction\":[{\"@type\":\"ReadAction\",\"target\":[\"https:\/\/malaguti-bicycles.com\/en\/aline-bock\/\"]}]},{\"@type\":\"BreadcrumbList\",\"@id\":\"https:\/\/malaguti-bicycles.com\/en\/aline-bock\/#breadcrumb\",\"itemListElement\":[{\"@type\":\"ListItem\",\"position\":1,\"name\":\"Startseite\",\"item\":\"https:\/\/malaguti-bicycles.com\/en\/\"},{\"@type\":\"ListItem\",\"position\":2,\"name\":\"Aline Bock\"}]},{\"@type\":\"WebSite\",\"@id\":\"https:\/\/malaguti-bicycles.com\/#website\",\"url\":\"https:\/\/malaguti-bicycles.com\/\",\"name\":\"Malaguti E-Bikes\",\"description\":\"THE SPIRIT OF BOLOGNA\",\"publisher\":{\"@id\":\"https:\/\/malaguti-bicycles.com\/#organization\"},\"potentialAction\":[{\"@type\":\"SearchAction\",\"target\":{\"@type\":\"EntryPoint\",\"urlTemplate\":\"https:\/\/malaguti-bicycles.com\/?s={search_term_string}\"},\"query-input\":\"required name=search_term_string\"}],\"inLanguage\":\"en-US\"},{\"@type\":\"Organization\",\"@id\":\"https:\/\/malaguti-bicycles.com\/#organization\",\"name\":\"Malaguti E-Bikes\",\"alternateName\":\"KSR Group\",\"url\":\"https:\/\/malaguti-bicycles.com\/\",\"logo\":{\"@type\":\"ImageObject\",\"inLanguage\":\"en-US\",\"@id\":\"https:\/\/malaguti-bicycles.com\/#\/schema\/logo\/image\/\",\"url\":\"https:\/\/malaguti-bicycles.com\/wp-content\/uploads\/sites\/2\/2023\/03\/KSR_logo.svg\",\"contentUrl\":\"https:\/\/malaguti-bicycles.com\/wp-content\/uploads\/sites\/2\/2023\/03\/KSR_logo.svg\",\"width\":\"1024\",\"height\":\"1024\",\"caption\":\"Malaguti E-Bikes\"},\"image\":{\"@id\":\"https:\/\/malaguti-bicycles.com\/#\/schema\/logo\/image\/\"},\"sameAs\":[\"https:\/\/www.facebook.com\/Malaguti.Bicycles\",\"https:\/\/www.instagram.com\/malaguti_bicycles\/\"]}]}<\/script>\n<!-- \/ Yoast SEO plugin. -->","yoast_head_json":{"title":"Aline Bock - Malaguti E-bikes","description":"With the twins in the back or alone on the trails behind our home for the \"after-work round\", the Malaguti e-bike is really fun.","robots":{"index":"index","follow":"follow","max-snippet":"max-snippet:-1","max-image-preview":"max-image-preview:large","max-video-preview":"max-video-preview:-1"},"canonical":"https:\/\/malaguti-bicycles.com\/en\/aline-bock\/","og_locale":"en_US","og_type":"article","og_title":"Aline Bock - Malaguti E-bikes","og_description":"With the twins in the back or alone on the trails behind our home for the \"after-work round\", the Malaguti e-bike is really fun.","og_url":"https:\/\/malaguti-bicycles.com\/en\/aline-bock\/","og_site_name":"Malaguti E-bikes","article_publisher":"https:\/\/www.facebook.com\/Malaguti.Bicycles","article_modified_time":"2023-02-27T14:43:24+00:00","twitter_card":"summary_large_image","schema":{"@context":"https:\/\/schema.org","@graph":[{"@type":"WebPage","@id":"https:\/\/malaguti-bicycles.com\/en\/aline-bock\/","url":"https:\/\/malaguti-bicycles.com\/en\/aline-bock\/","name":"Aline Bock - Malaguti E-bikes","isPartOf":{"@id":"https:\/\/malaguti-bicycles.com\/#website"},"datePublished":"2023-02-09T09:43:15+00:00","dateModified":"2023-02-27T14:43:24+00:00","description":"With the twins in the back or alone on the trails behind our home for the \"after-work round\", the Malaguti e-bike is really fun.","breadcrumb":{"@id":"https:\/\/malaguti-bicycles.com\/en\/aline-bock\/#breadcrumb"},"inLanguage":"en-US","potentialAction":[{"@type":"ReadAction","target":["https:\/\/malaguti-bicycles.com\/en\/aline-bock\/"]}]},{"@type":"BreadcrumbList","@id":"https:\/\/malaguti-bicycles.com\/en\/aline-bock\/#breadcrumb","itemListElement":[{"@type":"ListItem","position":1,"name":"Startseite","item":"https:\/\/malaguti-bicycles.com\/en\/"},{"@type":"ListItem","position":2,"name":"Aline Bock"}]},{"@type":"WebSite","@id":"https:\/\/malaguti-bicycles.com\/#website","url":"https:\/\/malaguti-bicycles.com\/","name":"Malaguti E-Bikes","description":"THE SPIRIT OF BOLOGNA","publisher":{"@id":"https:\/\/malaguti-bicycles.com\/#organization"},"potentialAction":[{"@type":"SearchAction","target":{"@type":"EntryPoint","urlTemplate":"https:\/\/malaguti-bicycles.com\/?s={search_term_string}"},"query-input":"required name=search_term_string"}],"inLanguage":"en-US"},{"@type":"Organization","@id":"https:\/\/malaguti-bicycles.com\/#organization","name":"Malaguti E-Bikes","alternateName":"KSR Group","url":"https:\/\/malaguti-bicycles.com\/","logo":{"@type":"ImageObject","inLanguage":"en-US","@id":"https:\/\/malaguti-bicycles.com\/#\/schema\/logo\/image\/","url":"https:\/\/malaguti-bicycles.com\/wp-content\/uploads\/sites\/2\/2023\/03\/KSR_logo.svg","contentUrl":"https:\/\/malaguti-bicycles.com\/wp-content\/uploads\/sites\/2\/2023\/03\/KSR_logo.svg","width":"1024","height":"1024","caption":"Malaguti E-Bikes"},"image":{"@id":"https:\/\/malaguti-bicycles.com\/#\/schema\/logo\/image\/"},"sameAs":["https:\/\/www.facebook.com\/Malaguti.Bicycles","https:\/\/www.instagram.com\/malaguti_bicycles\/"]}]}},"_links":{"self":[{"href":"https:\/\/malaguti-bicycles.com\/en\/wp-json\/wp\/v2\/pages\/9725"}],"collection":[{"href":"https:\/\/malaguti-bicycles.com\/en\/wp-json\/wp\/v2\/pages"}],"about":[{"href":"https:\/\/malaguti-bicycles.com\/en\/wp-json\/wp\/v2\/types\/page"}],"author":[{"embeddable":true,"href":"https:\/\/malaguti-bicycles.com\/en\/wp-json\/wp\/v2\/users\/20"}],"replies":[{"embeddable":true,"href":"https:\/\/malaguti-bicycles.com\/en\/wp-json\/wp\/v2\/comments?post=9725"}],"version-history":[{"count":3,"href":"https:\/\/malaguti-bicycles.com\/en\/wp-json\/wp\/v2\/pages\/9725\/revisions"}],"predecessor-version":[{"id":10249,"href":"https:\/\/malaguti-bicycles.com\/en\/wp-json\/wp\/v2\/pages\/9725\/revisions\/10249"}],"wp:attachment":[{"href":"https:\/\/malaguti-bicycles.com\/en\/wp-json\/wp\/v2\/media?parent=9725"}],"curies":[{"name":"wp","href":"https:\/\/api.w.org\/{rel}","templated":true}]}}