{"id":2462,"date":"2021-02-03T14:07:38","date_gmt":"2021-02-03T14:07:38","guid":{"rendered":"https:\/\/malaguti-bicycles.com\/contact\/"},"modified":"2023-02-20T15:10:03","modified_gmt":"2023-02-20T15:10:03","slug":"contact","status":"publish","type":"page","link":"https:\/\/malaguti-bicycles.com\/fr\/contact\/","title":{"rendered":"Contact"},"content":{"rendered":"","protected":false},"excerpt":{"rendered":"","protected":false},"author":4,"featured_media":0,"parent":0,"menu_order":26,"comment_status":"closed","ping_status":"closed","template":"template-contact.php","meta":{"inline_featured_image":false},"acf":{"intro_copy":{"en":"<h3>VOUS SOUHAITEZ NOUS CONTACTER ?<\/h3>\n"},"contact_form_placeholders":{"country_select":{"en":"S\u00e9lectionnez le pays"},"first_name":{"en":"Pr\u00e9nom"},"last_name":{"en":"Nom de famille"},"email":{"en":"Email"},"city":{"en":"Ville"},"company":{"en":"Entreprise"},"message":{"en":"Message"},"optin":{"en":"J'autorise Malaguti \u00e0 conserver mes donn\u00e9es personnelles et \u00e0 me contacter pour me communiquer des actualit\u00e9s et des mises \u00e0 jour sur les produits et services Malaguti, conform\u00e9ment \u00e0 la l\u00e9gislation europ\u00e9enne RGPD."},"send_button":{"en":"Envoyer"}},"imprint":{"en":"<h2>Mentions l\u00e9gales:<\/h2>\n<p><strong>RAISON SOCIALE :<\/strong>\u00a0<a href=\"https:\/\/ksr-group.com\/\">KSR Group GmbH<\/a><\/p>\n<p><strong>DIRECTION GENERALE :<\/strong>\u00a0Christian et Michael Kirschenhofer<\/p>\n<p><strong>IDENTIFICATION AU REGISTRE DES SOCIETES :<\/strong>\u00a0FN33744z<\/p>\n<p><strong>TRIBUNAL COMPETENT :<\/strong>\u00a0Landesgericht Krems<\/p>\n<p><strong>N\u00b0 TVA INTRACOMMUNAUTAIRE:<\/strong>\u00a0ATU 18522105<\/p>\n<p><strong>REPRESENTATION LEGALE DES INTERETS<\/strong>\u00a0: Wirtschaftskammer Nieder\u00f6sterreich<\/p>\n<p><strong>BRANCHE :<\/strong>\u00a0commerce de v\u00e9hicules<\/p>\n<p><strong>SECTEUR :<\/strong>\u00a0commerce de d\u00e9tail de motocyclettes et motos, commerce d\u2019automobiles, motos, incluant les pneus et accessoires.<\/p>\n<p><strong>DESIGN DU SITE INTERNET :<\/strong>\u00a0<a href=\"https:\/\/kastner.agency\/\">Kastner &amp; Partners London<\/a><\/p>\n<p><strong>CHARTE DE CONFIDENTIALITE :<\/strong>\u00a0plus d\u2019informations\u00a0<a href=\"https:\/\/malaguti.com\/privacy-policy\/\" target=\"_blank\" rel=\"noopener\">ici<\/a><\/p>\n<p>Informations non contractuelles, sous r\u00e9serve d\u2019erreurs et de modifications.<\/p>\n"},"confirmation_page":{"title":"Submitted","url":"https:\/\/malaguti-bicycles.com\/submitted\/","target":""},"details":[{"form_name":"Contact","contact_option_text":"J\u2019ai une question d\u2019ordre g\u00e9n\u00e9ral.","visible_fields":["firstNameField","lastNameField","emailField","messageField"],"country_list_or_email":"Email","to_email":"customerservice@malaguti-bicycles.com","optional_cc_email":""},{"form_name":"dealer","contact_option_text":"Devenir concessionnaire","visible_fields":["firstNameField","lastNameField","emailField","cityField","companyField","messageField"],"country_list_or_email":"Email","to_email":"customerservice@malaguti-bicycles.com","optional_cc_email":"andy.dillinger@ksr-group.com"},{"form_name":"press","contact_option_text":"Je travaille dans la presse et souhaiterais en savoir plus.","visible_fields":["firstNameField","lastNameField","emailField","mediaField","messageField"],"country_list_or_email":"Email","to_email":"customerservice@malaguti-bicycles.com","optional_cc_email":""}],"distributors":[{"country":{"en":"Belgien","email":"customerservice@malaguti-bicycles.com"}},{"country":{"en":"Deutschland","email":"customerservice@malaguti-bicycles.com"}},{"country":{"en":"Frankreich","email":"customerservice@malaguti-bicycles.com"}},{"country":{"en":"Italien","email":"customerservice@malaguti-bicycles.com"}},{"country":{"en":"\u00d6sterreich","email":"customerservice@malaguti-bicycles.com"}},{"country":{"en":"Schweiz","email":"customerservice@malaguti-bicycles.com"}},{"country":{"en":"Spanien","email":"customerservice@malaguti-bicycles.com"}},{"country":{"en":"United Kingdom","email":"customerservice@malaguti-bicycles.com"}},{"country":{"en":"Other","email":""}}]},"yoast_head":"<!-- This site is optimized with the Yoast SEO plugin v21.1 - https:\/\/yoast.com\/wordpress\/plugins\/seo\/ -->\n<title>Contact - Malaguti E-bikes<\/title>\n<meta name=\"description\" content=\"Title\" \/>\n<meta name=\"robots\" content=\"index, follow, max-snippet:-1, max-image-preview:large, max-video-preview:-1\" \/>\n<link rel=\"canonical\" href=\"https:\/\/malaguti-bicycles.com\/fr\/contact\/\" \/>\n<meta property=\"og:locale\" content=\"fr_FR\" \/>\n<meta property=\"og:type\" content=\"article\" \/>\n<meta property=\"og:title\" content=\"Contact - Malaguti E-bikes\" \/>\n<meta property=\"og:description\" content=\"Title\" \/>\n<meta property=\"og:url\" content=\"https:\/\/malaguti-bicycles.com\/fr\/contact\/\" \/>\n<meta property=\"og:site_name\" content=\"Malaguti E-bikes\" \/>\n<meta property=\"article:publisher\" content=\"https:\/\/www.facebook.com\/Malaguti.Bicycles\" \/>\n<meta property=\"article:modified_time\" content=\"2023-02-20T15:10:03+00:00\" \/>\n<meta name=\"twitter:card\" content=\"summary_large_image\" \/>\n<script type=\"application\/ld+json\" class=\"yoast-schema-graph\">{\"@context\":\"https:\/\/schema.org\",\"@graph\":[{\"@type\":\"WebPage\",\"@id\":\"https:\/\/malaguti-bicycles.com\/fr\/contact\/\",\"url\":\"https:\/\/malaguti-bicycles.com\/fr\/contact\/\",\"name\":\"Contact - Malaguti E-bikes\",\"isPartOf\":{\"@id\":\"https:\/\/malaguti-bicycles.com\/#website\"},\"datePublished\":\"2021-02-03T14:07:38+00:00\",\"dateModified\":\"2023-02-20T15:10:03+00:00\",\"description\":\"Title\",\"breadcrumb\":{\"@id\":\"https:\/\/malaguti-bicycles.com\/fr\/contact\/#breadcrumb\"},\"inLanguage\":\"fr-FR\",\"potentialAction\":[{\"@type\":\"ReadAction\",\"target\":[\"https:\/\/malaguti-bicycles.com\/fr\/contact\/\"]}]},{\"@type\":\"BreadcrumbList\",\"@id\":\"https:\/\/malaguti-bicycles.com\/fr\/contact\/#breadcrumb\",\"itemListElement\":[{\"@type\":\"ListItem\",\"position\":1,\"name\":\"Startseite\",\"item\":\"https:\/\/malaguti-bicycles.com\/fr\/\"},{\"@type\":\"ListItem\",\"position\":2,\"name\":\"Contact\"}]},{\"@type\":\"WebSite\",\"@id\":\"https:\/\/malaguti-bicycles.com\/#website\",\"url\":\"https:\/\/malaguti-bicycles.com\/\",\"name\":\"Malaguti E-Bikes\",\"description\":\"THE SPIRIT OF BOLOGNA\",\"publisher\":{\"@id\":\"https:\/\/malaguti-bicycles.com\/#organization\"},\"potentialAction\":[{\"@type\":\"SearchAction\",\"target\":{\"@type\":\"EntryPoint\",\"urlTemplate\":\"https:\/\/malaguti-bicycles.com\/?s={search_term_string}\"},\"query-input\":\"required name=search_term_string\"}],\"inLanguage\":\"fr-FR\"},{\"@type\":\"Organization\",\"@id\":\"https:\/\/malaguti-bicycles.com\/#organization\",\"name\":\"Malaguti E-Bikes\",\"alternateName\":\"KSR Group\",\"url\":\"https:\/\/malaguti-bicycles.com\/\",\"logo\":{\"@type\":\"ImageObject\",\"inLanguage\":\"fr-FR\",\"@id\":\"https:\/\/malaguti-bicycles.com\/#\/schema\/logo\/image\/\",\"url\":\"https:\/\/malaguti-bicycles.com\/wp-content\/uploads\/sites\/2\/2023\/03\/KSR_logo.svg\",\"contentUrl\":\"https:\/\/malaguti-bicycles.com\/wp-content\/uploads\/sites\/2\/2023\/03\/KSR_logo.svg\",\"width\":\"1024\",\"height\":\"1024\",\"caption\":\"Malaguti E-Bikes\"},\"image\":{\"@id\":\"https:\/\/malaguti-bicycles.com\/#\/schema\/logo\/image\/\"},\"sameAs\":[\"https:\/\/www.facebook.com\/Malaguti.Bicycles\",\"https:\/\/www.instagram.com\/malaguti_bicycles\/\"]}]}<\/script>\n<!-- \/ Yoast SEO plugin. -->","yoast_head_json":{"title":"Contact - Malaguti E-bikes","description":"Title","robots":{"index":"index","follow":"follow","max-snippet":"max-snippet:-1","max-image-preview":"max-image-preview:large","max-video-preview":"max-video-preview:-1"},"canonical":"https:\/\/malaguti-bicycles.com\/fr\/contact\/","og_locale":"fr_FR","og_type":"article","og_title":"Contact - Malaguti E-bikes","og_description":"Title","og_url":"https:\/\/malaguti-bicycles.com\/fr\/contact\/","og_site_name":"Malaguti E-bikes","article_publisher":"https:\/\/www.facebook.com\/Malaguti.Bicycles","article_modified_time":"2023-02-20T15:10:03+00:00","twitter_card":"summary_large_image","schema":{"@context":"https:\/\/schema.org","@graph":[{"@type":"WebPage","@id":"https:\/\/malaguti-bicycles.com\/fr\/contact\/","url":"https:\/\/malaguti-bicycles.com\/fr\/contact\/","name":"Contact - Malaguti E-bikes","isPartOf":{"@id":"https:\/\/malaguti-bicycles.com\/#website"},"datePublished":"2021-02-03T14:07:38+00:00","dateModified":"2023-02-20T15:10:03+00:00","description":"Title","breadcrumb":{"@id":"https:\/\/malaguti-bicycles.com\/fr\/contact\/#breadcrumb"},"inLanguage":"fr-FR","potentialAction":[{"@type":"ReadAction","target":["https:\/\/malaguti-bicycles.com\/fr\/contact\/"]}]},{"@type":"BreadcrumbList","@id":"https:\/\/malaguti-bicycles.com\/fr\/contact\/#breadcrumb","itemListElement":[{"@type":"ListItem","position":1,"name":"Startseite","item":"https:\/\/malaguti-bicycles.com\/fr\/"},{"@type":"ListItem","position":2,"name":"Contact"}]},{"@type":"WebSite","@id":"https:\/\/malaguti-bicycles.com\/#website","url":"https:\/\/malaguti-bicycles.com\/","name":"Malaguti E-Bikes","description":"THE SPIRIT OF BOLOGNA","publisher":{"@id":"https:\/\/malaguti-bicycles.com\/#organization"},"potentialAction":[{"@type":"SearchAction","target":{"@type":"EntryPoint","urlTemplate":"https:\/\/malaguti-bicycles.com\/?s={search_term_string}"},"query-input":"required name=search_term_string"}],"inLanguage":"fr-FR"},{"@type":"Organization","@id":"https:\/\/malaguti-bicycles.com\/#organization","name":"Malaguti E-Bikes","alternateName":"KSR Group","url":"https:\/\/malaguti-bicycles.com\/","logo":{"@type":"ImageObject","inLanguage":"fr-FR","@id":"https:\/\/malaguti-bicycles.com\/#\/schema\/logo\/image\/","url":"https:\/\/malaguti-bicycles.com\/wp-content\/uploads\/sites\/2\/2023\/03\/KSR_logo.svg","contentUrl":"https:\/\/malaguti-bicycles.com\/wp-content\/uploads\/sites\/2\/2023\/03\/KSR_logo.svg","width":"1024","height":"1024","caption":"Malaguti E-Bikes"},"image":{"@id":"https:\/\/malaguti-bicycles.com\/#\/schema\/logo\/image\/"},"sameAs":["https:\/\/www.facebook.com\/Malaguti.Bicycles","https:\/\/www.instagram.com\/malaguti_bicycles\/"]}]}},"_links":{"self":[{"href":"https:\/\/malaguti-bicycles.com\/fr\/wp-json\/wp\/v2\/pages\/2462"}],"collection":[{"href":"https:\/\/malaguti-bicycles.com\/fr\/wp-json\/wp\/v2\/pages"}],"about":[{"href":"https:\/\/malaguti-bicycles.com\/fr\/wp-json\/wp\/v2\/types\/page"}],"author":[{"embeddable":true,"href":"https:\/\/malaguti-bicycles.com\/fr\/wp-json\/wp\/v2\/users\/4"}],"replies":[{"embeddable":true,"href":"https:\/\/malaguti-bicycles.com\/fr\/wp-json\/wp\/v2\/comments?post=2462"}],"version-history":[{"count":5,"href":"https:\/\/malaguti-bicycles.com\/fr\/wp-json\/wp\/v2\/pages\/2462\/revisions"}],"predecessor-version":[{"id":10048,"href":"https:\/\/malaguti-bicycles.com\/fr\/wp-json\/wp\/v2\/pages\/2462\/revisions\/10048"}],"wp:attachment":[{"href":"https:\/\/malaguti-bicycles.com\/fr\/wp-json\/wp\/v2\/media?parent=2462"}],"curies":[{"name":"wp","href":"https:\/\/api.w.org\/{rel}","templated":true}]}}