{"id":9734,"date":"2023-02-09T09:47:44","date_gmt":"2023-02-09T09:47:44","guid":{"rendered":"https:\/\/malaguti-bicycles.com\/gigi-ruef\/"},"modified":"2023-03-09T16:31:41","modified_gmt":"2023-03-09T16:31:41","slug":"gigi-ruef","status":"publish","type":"page","link":"https:\/\/malaguti-bicycles.com\/fr\/gigi-ruef\/","title":{"rendered":"Gigi R\u00fcf"},"content":{"rendered":"","protected":false},"excerpt":{"rendered":"","protected":false},"author":20,"featured_media":0,"parent":0,"menu_order":0,"comment_status":"closed","ping_status":"closed","template":"template-content-page.php","meta":{"inline_featured_image":false},"acf":{"content":[{"acf_fc_layout":"text_area","text":"<div class=\"content-row\">\n<div id=\"640a08d740660\" class=\"text-row\">\n<h1>Ambassadeurs de marque<\/h1>\n<\/div>\n<\/div>\n","cta_button_label":"","cta_link":null},{"acf_fc_layout":"image_grid","image_grid_images":[{"grid_image":{"ID":8902,"id":8902,"title":"malaguti-gigi-abholung","filename":"malaguti-gigi-abholung.webp","filesize":310734,"url":"https:\/\/malaguti-bicycles.com\/wp-content\/uploads\/sites\/2\/2022\/12\/malaguti-gigi-abholung.webp","link":"https:\/\/malaguti-bicycles.com\/fr\/gigi-ruef\/malaguti-gigi-abholung-2\/","alt":"Gigi Ruef","author":"20","description":"","caption":"","name":"malaguti-gigi-abholung-2","status":"inherit","uploaded_to":9734,"date":"2022-12-12 13:59:09","modified":"2023-02-09 09:47:47","menu_order":0,"mime_type":"image\/webp","type":"image","subtype":"webp","icon":"https:\/\/malaguti-bicycles.com\/wp-includes\/images\/media\/default.png","width":1980,"height":1114,"sizes":{"thumbnail":"https:\/\/malaguti-bicycles.com\/wp-content\/uploads\/sites\/2\/2022\/12\/malaguti-gigi-abholung-150x150.webp","thumbnail-width":150,"thumbnail-height":150,"medium":"https:\/\/malaguti-bicycles.com\/wp-content\/uploads\/sites\/2\/2022\/12\/malaguti-gigi-abholung-300x169.webp","medium-width":300,"medium-height":169,"medium_large":"https:\/\/malaguti-bicycles.com\/wp-content\/uploads\/sites\/2\/2022\/12\/malaguti-gigi-abholung-768x432.webp","medium_large-width":768,"medium_large-height":432,"large":"https:\/\/malaguti-bicycles.com\/wp-content\/uploads\/sites\/2\/2022\/12\/malaguti-gigi-abholung-1024x576.webp","large-width":1024,"large-height":576,"1536x1536":"https:\/\/malaguti-bicycles.com\/wp-content\/uploads\/sites\/2\/2022\/12\/malaguti-gigi-abholung-1536x864.webp","1536x1536-width":1536,"1536x1536-height":864,"2048x2048":"https:\/\/malaguti-bicycles.com\/wp-content\/uploads\/sites\/2\/2022\/12\/malaguti-gigi-abholung.webp","2048x2048-width":1980,"2048x2048-height":1114}},"grid_image_width":"100"}]},{"acf_fc_layout":"spacer","desktop":"100","tablet":"75","phone":"50","background_colour":"#000"},{"acf_fc_layout":"text_image","text":"<h1 style=\"text-align: left;\">Christian \u201aGigi\u2018 R\u00fcf<\/h1>\n<p style=\"text-align: left;\"><strong>Geboren:<\/strong> 1981<\/p>\n<p style=\"text-align: left;\"><strong>Homebase:<\/strong> Schwarzach, Austria<\/p>\n<p style=\"text-align: left;\"><strong>Disziplinen: <\/strong>Freestyle und Freeride beim snowboarden<\/p>\n<p style=\"text-align: left;\"><strong>Gr\u00f6\u00dfte Erfolge:<\/strong><\/p>\n<p style=\"text-align: left;\"><strong>2 Platz <\/strong>X Games 2012<br \/>\n<strong>2nd <\/strong>Supernatural 2013<br \/>\n<strong>1st <\/strong>Ultranatural 2014<br \/>\nTransworld Riders Poll <strong>Standout Performance <\/strong>Award 2014<br \/>\n<strong>1st <\/strong>Place Snowboarder Top Ten <strong>Riders of the Year 2014<br \/>\n<\/strong><strong>3 Platz <\/strong>X Games 2015<br \/>\n<strong>3 <\/strong>Freeride Worldtour in Andorra 2018<br \/>\n<strong>1 <\/strong>Freeride Worldtour in Fieberbrunn 2018<br \/>\n<strong>2 <\/strong>Freeride Worldtour in Fieberbrunn 2020<\/p>\n<p style=\"text-align: left;\"><strong>Lieblingsbike:<\/strong> Das top ausgestattete Superiore LTD<\/p>\n<p style=\"text-align: left;\"><strong>Warum:<\/strong> Es ist sehr hilfsbereit beim Loslassen von alten Gewohnheiten. Es geht dahin wie der Wind und man sp\u00fcrt was einem Umgibt. Ich kann Tageszielen mein pers\u00f6nlich spannendes etwas verleihen, aber vor allem ausgeglichen ankommen.<\/p>\n<p style=\"text-align: left;\"><strong>Einsatzort:<\/strong> All Mountain Ready f\u00fcr die direkte Linie zum Ziel. Das ich mir ein Bike aussuchen kann ist krass.<\/p>\n<p style=\"text-align: left;\"><strong>5 W\u00f6rter die mich beschreiben:<\/strong> freundlich, l\u00e4ssig, hilfsbereit, ich bin gerne vorbereitet, aber abenteuerlustig,<\/p>\n<p style=\"text-align: left;\"><strong>Was man vielleicht noch nicht \u00fcber mich wei\u00df:<\/strong><br \/>\nIch habe meine Jugendliebe als Frau und zwei Kinder. Zum einen sind wir in unserer Sommer-Freizeit in den Bikeparks unterwegs und im Winter snowboarden wir gerne. Als Hobbyimker habe ich immer ein frisches Glas Honig auf unserem Fr\u00fchst\u00fcckstisch.<\/p>\n<p style=\"text-align: left;\"><strong>Webseite:<\/strong> <a href=\"http:\/\/www.slashsnow.com\">www.slashsnow.com<\/a>,<\/p>\n<p style=\"text-align: left;\"><strong><a href=\"https:\/\/www.instagram.com\/gigiruf\/\" target=\"_blank\" rel=\"noopener\">Instagram<\/a><\/strong><\/p>\n<p>&nbsp;<\/p>\n","image":{"ID":8910,"id":8910,"title":"malaguti-gigi-portrait","filename":"malaguti-gigi-portrait.webp","filesize":115760,"url":"https:\/\/malaguti-bicycles.com\/wp-content\/uploads\/sites\/2\/2022\/12\/malaguti-gigi-portrait.webp","link":"https:\/\/malaguti-bicycles.com\/fr\/gigi-ruef\/malaguti-gigi-portrait-2\/","alt":"Gigi Ruef","author":"20","description":"","caption":"","name":"malaguti-gigi-portrait-2","status":"inherit","uploaded_to":9734,"date":"2022-12-12 13:59:48","modified":"2023-02-09 09:47:47","menu_order":0,"mime_type":"image\/webp","type":"image","subtype":"webp","icon":"https:\/\/malaguti-bicycles.com\/wp-includes\/images\/media\/default.png","width":800,"height":1067,"sizes":{"thumbnail":"https:\/\/malaguti-bicycles.com\/wp-content\/uploads\/sites\/2\/2022\/12\/malaguti-gigi-portrait-150x150.webp","thumbnail-width":150,"thumbnail-height":150,"medium":"https:\/\/malaguti-bicycles.com\/wp-content\/uploads\/sites\/2\/2022\/12\/malaguti-gigi-portrait-225x300.webp","medium-width":225,"medium-height":300,"medium_large":"https:\/\/malaguti-bicycles.com\/wp-content\/uploads\/sites\/2\/2022\/12\/malaguti-gigi-portrait-768x1024.webp","medium_large-width":768,"medium_large-height":1024,"large":"https:\/\/malaguti-bicycles.com\/wp-content\/uploads\/sites\/2\/2022\/12\/malaguti-gigi-portrait-768x1024.webp","large-width":768,"large-height":1024,"1536x1536":"https:\/\/malaguti-bicycles.com\/wp-content\/uploads\/sites\/2\/2022\/12\/malaguti-gigi-portrait.webp","1536x1536-width":800,"1536x1536-height":1067,"2048x2048":"https:\/\/malaguti-bicycles.com\/wp-content\/uploads\/sites\/2\/2022\/12\/malaguti-gigi-portrait.webp","2048x2048-width":800,"2048x2048-height":1067}},"options":{"image_position":"image-position-right","background_colour":"background-white","width":"","vertical_padding":""}},{"acf_fc_layout":"image_grid","image_grid_images":[{"grid_image":{"ID":8365,"id":8365,"title":"gigi_04","filename":"gigi_04.webp","filesize":832354,"url":"https:\/\/malaguti-bicycles.com\/wp-content\/uploads\/sites\/2\/2022\/10\/gigi_04.webp","link":"https:\/\/malaguti-bicycles.com\/fr\/gigi-ruef\/gigi_04-2\/","alt":"Gigi Malaguti Bikes","author":"20","description":"","caption":"","name":"gigi_04-2","status":"inherit","uploaded_to":9734,"date":"2022-10-25 08:12:10","modified":"2023-02-09 09:47:47","menu_order":0,"mime_type":"image\/webp","type":"image","subtype":"webp","icon":"https:\/\/malaguti-bicycles.com\/wp-includes\/images\/media\/default.png","width":1980,"height":1114,"sizes":{"thumbnail":"https:\/\/malaguti-bicycles.com\/wp-content\/uploads\/sites\/2\/2022\/10\/gigi_04-150x150.webp","thumbnail-width":150,"thumbnail-height":150,"medium":"https:\/\/malaguti-bicycles.com\/wp-content\/uploads\/sites\/2\/2022\/10\/gigi_04-300x169.webp","medium-width":300,"medium-height":169,"medium_large":"https:\/\/malaguti-bicycles.com\/wp-content\/uploads\/sites\/2\/2022\/10\/gigi_04-768x432.webp","medium_large-width":768,"medium_large-height":432,"large":"https:\/\/malaguti-bicycles.com\/wp-content\/uploads\/sites\/2\/2022\/10\/gigi_04-1024x576.webp","large-width":1024,"large-height":576,"1536x1536":"https:\/\/malaguti-bicycles.com\/wp-content\/uploads\/sites\/2\/2022\/10\/gigi_04-1536x864.webp","1536x1536-width":1536,"1536x1536-height":864,"2048x2048":"https:\/\/malaguti-bicycles.com\/wp-content\/uploads\/sites\/2\/2022\/10\/gigi_04.webp","2048x2048-width":1980,"2048x2048-height":1114}},"grid_image_width":"100"},{"grid_image":{"ID":8373,"id":8373,"title":"gigi_02","filename":"gigi_02.webp","filesize":310868,"url":"https:\/\/malaguti-bicycles.com\/wp-content\/uploads\/sites\/2\/2022\/10\/gigi_02.webp","link":"https:\/\/malaguti-bicycles.com\/fr\/gigi-ruef\/gigi_02-2\/","alt":"Gigi R\u00fcf","author":"20","description":"","caption":"","name":"gigi_02-2","status":"inherit","uploaded_to":9734,"date":"2022-10-25 08:13:41","modified":"2023-02-09 09:47:47","menu_order":0,"mime_type":"image\/webp","type":"image","subtype":"webp","icon":"https:\/\/malaguti-bicycles.com\/wp-includes\/images\/media\/default.png","width":800,"height":1067,"sizes":{"thumbnail":"https:\/\/malaguti-bicycles.com\/wp-content\/uploads\/sites\/2\/2022\/10\/gigi_02-150x150.webp","thumbnail-width":150,"thumbnail-height":150,"medium":"https:\/\/malaguti-bicycles.com\/wp-content\/uploads\/sites\/2\/2022\/10\/gigi_02-225x300.webp","medium-width":225,"medium-height":300,"medium_large":"https:\/\/malaguti-bicycles.com\/wp-content\/uploads\/sites\/2\/2022\/10\/gigi_02-768x1024.webp","medium_large-width":768,"medium_large-height":1024,"large":"https:\/\/malaguti-bicycles.com\/wp-content\/uploads\/sites\/2\/2022\/10\/gigi_02-768x1024.webp","large-width":768,"large-height":1024,"1536x1536":"https:\/\/malaguti-bicycles.com\/wp-content\/uploads\/sites\/2\/2022\/10\/gigi_02.webp","1536x1536-width":800,"1536x1536-height":1067,"2048x2048":"https:\/\/malaguti-bicycles.com\/wp-content\/uploads\/sites\/2\/2022\/10\/gigi_02.webp","2048x2048-width":800,"2048x2048-height":1067}},"grid_image_width":"50"},{"grid_image":{"ID":8400,"id":8400,"title":"gigi_07","filename":"gigi_07-1.webp","filesize":240572,"url":"https:\/\/malaguti-bicycles.com\/wp-content\/uploads\/sites\/2\/2022\/10\/gigi_07-1.webp","link":"https:\/\/malaguti-bicycles.com\/fr\/gigi-ruef\/gigi_07-2-2\/","alt":"Gigi R\u00fcf","author":"20","description":"","caption":"","name":"gigi_07-2-2","status":"inherit","uploaded_to":9734,"date":"2022-10-25 08:20:17","modified":"2023-02-09 09:47:47","menu_order":0,"mime_type":"image\/webp","type":"image","subtype":"webp","icon":"https:\/\/malaguti-bicycles.com\/wp-includes\/images\/media\/default.png","width":800,"height":1067,"sizes":{"thumbnail":"https:\/\/malaguti-bicycles.com\/wp-content\/uploads\/sites\/2\/2022\/10\/gigi_07-1-150x150.webp","thumbnail-width":150,"thumbnail-height":150,"medium":"https:\/\/malaguti-bicycles.com\/wp-content\/uploads\/sites\/2\/2022\/10\/gigi_07-1-225x300.webp","medium-width":225,"medium-height":300,"medium_large":"https:\/\/malaguti-bicycles.com\/wp-content\/uploads\/sites\/2\/2022\/10\/gigi_07-1-768x1024.webp","medium_large-width":768,"medium_large-height":1024,"large":"https:\/\/malaguti-bicycles.com\/wp-content\/uploads\/sites\/2\/2022\/10\/gigi_07-1-768x1024.webp","large-width":768,"large-height":1024,"1536x1536":"https:\/\/malaguti-bicycles.com\/wp-content\/uploads\/sites\/2\/2022\/10\/gigi_07-1.webp","1536x1536-width":800,"1536x1536-height":1067,"2048x2048":"https:\/\/malaguti-bicycles.com\/wp-content\/uploads\/sites\/2\/2022\/10\/gigi_07-1.webp","2048x2048-width":800,"2048x2048-height":1067}},"grid_image_width":"50"}]},{"acf_fc_layout":"text_area","text":"<p><strong>Snowboarder de la premi\u00e8re heure, Gigi est entrepreneur, p\u00e8re de deux gar\u00e7ons, apiculteur amateur, artiste, grand enfant et bourreau de travail. V\u00e9ritable star du snowboard, Gigi R\u00fcf a contribu\u00e9 \u00e0 fa\u00e7onner sa discipline et \u00e0 cr\u00e9er un nouveau style de vie. Son plus grand r\u00eave : profiter de la montagne le plus longtemps possible ! Pour \u00e9viter qu\u2019il s\u2019ennuie \u2013 notamment en \u00e9t\u00e9 -, nous lui avons mis entre les mains un Malaguti Superiore !<\/strong><\/p>\n<p>\u00c9tats-Unis, 1999 : apr\u00e8s une comp\u00e9tition de snowboard, le jeune homme de 18 ans tr\u00e8s prometteur reste sur place quelques jours pour quelques prises de vue. Sa performance dans la vid\u00e9o \u201cDestroyer\u201d fera sensation dans le milieu du snowboard et donnera un petit avant-go\u00fbt de ce qui allait suivre. A partir de ce jour-l\u00e0, l\u2019Autrichien va appara\u00eet dans un nombre impressionnant de films de snowboard, tournant plus de vid\u00e9os en un an que d\u2019autres en cinq, tout en restant l\u2019un des riders les plus cr\u00e9atifs de la discipline.<\/p>\n<p>Gigi est connu pour toujours choisir les trajectoires que l\u2019on attend le moins et que l\u2019on n\u2019a g\u00e9n\u00e9ralement jamais vues auparavant. Il n\u2019est pas rare qu\u2019il soit consid\u00e9r\u00e9 comme un artiste qui interpr\u00e8te chaque montagne et chaque pente de mani\u00e8re individuelle avec sa trace. Son style est consid\u00e9r\u00e9 comme espi\u00e8gle, et en m\u00eame temps, avec Gigi tout para\u00eet incroyablement simple. Il d\u00e9gage une impression d\u2019aisance qui rend ses rides tellement uniques.<\/p>\n<p>Depuis 2012, il conna\u00eet le succ\u00e8s avec sa propre marque de snowboard \u201cSlash\u201d et est toujours aussi actif qu\u2019il y a plus de 20 ans, lors de ses d\u00e9buts devant la cam\u00e9ra aux Etats-Unis. Gigi a r\u00e9ussi \u00e0 garder intacte son \u00e2me d\u2019enfant, il a toujours plac\u00e9 le plaisir au premier plan et aujourd\u2019hui encore, il n\u2019a rien perdu de sa cr\u00e9ativit\u00e9.<\/p>\n<p>Nous lui souhaitons qu\u2019il se sente toujours dans son \u00e9l\u00e9ment en montagne et qu\u2019il monte sur les sommets avec son Malaguti Superiore aussi facilement qu\u2019il en descend en hiver sur sa planche !<\/p>\n","cta_button_label":"","cta_link":null}],"meta_description":"En tant que Snowboarder et bourreau de travail, Gigi R\u00fcf a laiss\u00e9 son empreinte dans sa discipline et apport\u00e9 de la fra\u00eecheur avec style de vie d\u00e9contract\u00e9.","meta_keywords":"Gigi R\u00fcf, Brand Buddy, Malaguti, e-bike, v\u00e9lo d'enduro, v\u00e9lo, Becane, Bicyclette, VTTAE, VTT \u00c9lectriques, assistance \u00e9lectrique, V\u00e9los \u00c9lectriques,  All Mountain, motorisation, p\u00e9dalage, v\u00e9lo tout-terrain, v\u00e9los hybrides, tout-suspendu, enduro, Cross Country MTB, Cross Country emtb, E mountainbike, Allround e mtb, MTB pedelec, ebike hardtail, Elektrofahrrad, e-bike, ebike, Pedelec, Elektrobike, SRAM, Shimano, Campagnolo, biciletta, bici, giro"},"yoast_head":"<!-- This site is optimized with the Yoast SEO plugin v21.1 - https:\/\/yoast.com\/wordpress\/plugins\/seo\/ -->\n<title>Gigi R\u00fcf - Malaguti E-bikes<\/title>\n<meta name=\"description\" content=\"Als Snowboarder und Arbeitstier hat All-Star Gigi R\u00fcf eine Sportart, einen Livestyle von der ersten Stunde an mitgepr\u00e4gt.\" \/>\n<meta name=\"robots\" content=\"index, follow, max-snippet:-1, max-image-preview:large, max-video-preview:-1\" \/>\n<link rel=\"canonical\" href=\"https:\/\/malaguti-bicycles.com\/fr\/gigi-ruef\/\" \/>\n<meta property=\"og:locale\" content=\"fr_FR\" \/>\n<meta property=\"og:type\" content=\"article\" \/>\n<meta property=\"og:title\" content=\"Gigi R\u00fcf - Malaguti E-bikes\" \/>\n<meta property=\"og:description\" content=\"Als Snowboarder und Arbeitstier hat All-Star Gigi R\u00fcf eine Sportart, einen Livestyle von der ersten Stunde an mitgepr\u00e4gt.\" \/>\n<meta property=\"og:url\" content=\"https:\/\/malaguti-bicycles.com\/fr\/gigi-ruef\/\" \/>\n<meta property=\"og:site_name\" content=\"Malaguti E-bikes\" \/>\n<meta property=\"article:publisher\" content=\"https:\/\/www.facebook.com\/Malaguti.Bicycles\" \/>\n<meta property=\"article:modified_time\" content=\"2023-03-09T16:31:41+00:00\" \/>\n<meta name=\"twitter:card\" content=\"summary_large_image\" \/>\n<script type=\"application\/ld+json\" class=\"yoast-schema-graph\">{\"@context\":\"https:\/\/schema.org\",\"@graph\":[{\"@type\":\"WebPage\",\"@id\":\"https:\/\/malaguti-bicycles.com\/fr\/gigi-ruef\/\",\"url\":\"https:\/\/malaguti-bicycles.com\/fr\/gigi-ruef\/\",\"name\":\"Gigi R\u00fcf - Malaguti E-bikes\",\"isPartOf\":{\"@id\":\"https:\/\/malaguti-bicycles.com\/#website\"},\"datePublished\":\"2023-02-09T09:47:44+00:00\",\"dateModified\":\"2023-03-09T16:31:41+00:00\",\"description\":\"Als Snowboarder und Arbeitstier hat All-Star Gigi R\u00fcf eine Sportart, einen Livestyle von der ersten Stunde an mitgepr\u00e4gt.\",\"breadcrumb\":{\"@id\":\"https:\/\/malaguti-bicycles.com\/fr\/gigi-ruef\/#breadcrumb\"},\"inLanguage\":\"fr-FR\",\"potentialAction\":[{\"@type\":\"ReadAction\",\"target\":[\"https:\/\/malaguti-bicycles.com\/fr\/gigi-ruef\/\"]}]},{\"@type\":\"BreadcrumbList\",\"@id\":\"https:\/\/malaguti-bicycles.com\/fr\/gigi-ruef\/#breadcrumb\",\"itemListElement\":[{\"@type\":\"ListItem\",\"position\":1,\"name\":\"Startseite\",\"item\":\"https:\/\/malaguti-bicycles.com\/fr\/\"},{\"@type\":\"ListItem\",\"position\":2,\"name\":\"Gigi R\u00fcf\"}]},{\"@type\":\"WebSite\",\"@id\":\"https:\/\/malaguti-bicycles.com\/#website\",\"url\":\"https:\/\/malaguti-bicycles.com\/\",\"name\":\"Malaguti E-Bikes\",\"description\":\"THE SPIRIT OF BOLOGNA\",\"publisher\":{\"@id\":\"https:\/\/malaguti-bicycles.com\/#organization\"},\"potentialAction\":[{\"@type\":\"SearchAction\",\"target\":{\"@type\":\"EntryPoint\",\"urlTemplate\":\"https:\/\/malaguti-bicycles.com\/?s={search_term_string}\"},\"query-input\":\"required name=search_term_string\"}],\"inLanguage\":\"fr-FR\"},{\"@type\":\"Organization\",\"@id\":\"https:\/\/malaguti-bicycles.com\/#organization\",\"name\":\"Malaguti E-Bikes\",\"alternateName\":\"KSR Group\",\"url\":\"https:\/\/malaguti-bicycles.com\/\",\"logo\":{\"@type\":\"ImageObject\",\"inLanguage\":\"fr-FR\",\"@id\":\"https:\/\/malaguti-bicycles.com\/#\/schema\/logo\/image\/\",\"url\":\"https:\/\/malaguti-bicycles.com\/wp-content\/uploads\/sites\/2\/2023\/03\/KSR_logo.svg\",\"contentUrl\":\"https:\/\/malaguti-bicycles.com\/wp-content\/uploads\/sites\/2\/2023\/03\/KSR_logo.svg\",\"width\":\"1024\",\"height\":\"1024\",\"caption\":\"Malaguti E-Bikes\"},\"image\":{\"@id\":\"https:\/\/malaguti-bicycles.com\/#\/schema\/logo\/image\/\"},\"sameAs\":[\"https:\/\/www.facebook.com\/Malaguti.Bicycles\",\"https:\/\/www.instagram.com\/malaguti_bicycles\/\"]}]}<\/script>\n<!-- \/ Yoast SEO plugin. -->","yoast_head_json":{"title":"Gigi R\u00fcf - Malaguti E-bikes","description":"Als Snowboarder und Arbeitstier hat All-Star Gigi R\u00fcf eine Sportart, einen Livestyle von der ersten Stunde an mitgepr\u00e4gt.","robots":{"index":"index","follow":"follow","max-snippet":"max-snippet:-1","max-image-preview":"max-image-preview:large","max-video-preview":"max-video-preview:-1"},"canonical":"https:\/\/malaguti-bicycles.com\/fr\/gigi-ruef\/","og_locale":"fr_FR","og_type":"article","og_title":"Gigi R\u00fcf - Malaguti E-bikes","og_description":"Als Snowboarder und Arbeitstier hat All-Star Gigi R\u00fcf eine Sportart, einen Livestyle von der ersten Stunde an mitgepr\u00e4gt.","og_url":"https:\/\/malaguti-bicycles.com\/fr\/gigi-ruef\/","og_site_name":"Malaguti E-bikes","article_publisher":"https:\/\/www.facebook.com\/Malaguti.Bicycles","article_modified_time":"2023-03-09T16:31:41+00:00","twitter_card":"summary_large_image","schema":{"@context":"https:\/\/schema.org","@graph":[{"@type":"WebPage","@id":"https:\/\/malaguti-bicycles.com\/fr\/gigi-ruef\/","url":"https:\/\/malaguti-bicycles.com\/fr\/gigi-ruef\/","name":"Gigi R\u00fcf - Malaguti E-bikes","isPartOf":{"@id":"https:\/\/malaguti-bicycles.com\/#website"},"datePublished":"2023-02-09T09:47:44+00:00","dateModified":"2023-03-09T16:31:41+00:00","description":"Als Snowboarder und Arbeitstier hat All-Star Gigi R\u00fcf eine Sportart, einen Livestyle von der ersten Stunde an mitgepr\u00e4gt.","breadcrumb":{"@id":"https:\/\/malaguti-bicycles.com\/fr\/gigi-ruef\/#breadcrumb"},"inLanguage":"fr-FR","potentialAction":[{"@type":"ReadAction","target":["https:\/\/malaguti-bicycles.com\/fr\/gigi-ruef\/"]}]},{"@type":"BreadcrumbList","@id":"https:\/\/malaguti-bicycles.com\/fr\/gigi-ruef\/#breadcrumb","itemListElement":[{"@type":"ListItem","position":1,"name":"Startseite","item":"https:\/\/malaguti-bicycles.com\/fr\/"},{"@type":"ListItem","position":2,"name":"Gigi R\u00fcf"}]},{"@type":"WebSite","@id":"https:\/\/malaguti-bicycles.com\/#website","url":"https:\/\/malaguti-bicycles.com\/","name":"Malaguti E-Bikes","description":"THE SPIRIT OF BOLOGNA","publisher":{"@id":"https:\/\/malaguti-bicycles.com\/#organization"},"potentialAction":[{"@type":"SearchAction","target":{"@type":"EntryPoint","urlTemplate":"https:\/\/malaguti-bicycles.com\/?s={search_term_string}"},"query-input":"required name=search_term_string"}],"inLanguage":"fr-FR"},{"@type":"Organization","@id":"https:\/\/malaguti-bicycles.com\/#organization","name":"Malaguti E-Bikes","alternateName":"KSR Group","url":"https:\/\/malaguti-bicycles.com\/","logo":{"@type":"ImageObject","inLanguage":"fr-FR","@id":"https:\/\/malaguti-bicycles.com\/#\/schema\/logo\/image\/","url":"https:\/\/malaguti-bicycles.com\/wp-content\/uploads\/sites\/2\/2023\/03\/KSR_logo.svg","contentUrl":"https:\/\/malaguti-bicycles.com\/wp-content\/uploads\/sites\/2\/2023\/03\/KSR_logo.svg","width":"1024","height":"1024","caption":"Malaguti E-Bikes"},"image":{"@id":"https:\/\/malaguti-bicycles.com\/#\/schema\/logo\/image\/"},"sameAs":["https:\/\/www.facebook.com\/Malaguti.Bicycles","https:\/\/www.instagram.com\/malaguti_bicycles\/"]}]}},"_links":{"self":[{"href":"https:\/\/malaguti-bicycles.com\/fr\/wp-json\/wp\/v2\/pages\/9734"}],"collection":[{"href":"https:\/\/malaguti-bicycles.com\/fr\/wp-json\/wp\/v2\/pages"}],"about":[{"href":"https:\/\/malaguti-bicycles.com\/fr\/wp-json\/wp\/v2\/types\/page"}],"author":[{"embeddable":true,"href":"https:\/\/malaguti-bicycles.com\/fr\/wp-json\/wp\/v2\/users\/20"}],"replies":[{"embeddable":true,"href":"https:\/\/malaguti-bicycles.com\/fr\/wp-json\/wp\/v2\/comments?post=9734"}],"version-history":[{"count":1,"href":"https:\/\/malaguti-bicycles.com\/fr\/wp-json\/wp\/v2\/pages\/9734\/revisions"}],"predecessor-version":[{"id":10504,"href":"https:\/\/malaguti-bicycles.com\/fr\/wp-json\/wp\/v2\/pages\/9734\/revisions\/10504"}],"wp:attachment":[{"href":"https:\/\/malaguti-bicycles.com\/fr\/wp-json\/wp\/v2\/media?parent=9734"}],"curies":[{"name":"wp","href":"https:\/\/api.w.org\/{rel}","templated":true}]}}