{"id":2868,"date":"2021-02-03T14:07:38","date_gmt":"2021-02-03T14:07:38","guid":{"rendered":"https:\/\/malaguti-bicycles.com\/contact\/"},"modified":"2021-12-07T13:55:34","modified_gmt":"2021-12-07T13:55:34","slug":"contact","status":"publish","type":"page","link":"https:\/\/malaguti-bicycles.com\/it\/contact\/","title":{"rendered":"Contatto"},"content":{"rendered":"","protected":false},"excerpt":{"rendered":"","protected":false},"author":4,"featured_media":0,"parent":0,"menu_order":26,"comment_status":"closed","ping_status":"closed","template":"template-contact.php","meta":{"inline_featured_image":false},"acf":{"intro_copy":{"en":"<h3>VUOI CONTATTARCI?<\/h3>\n"},"contact_form_placeholders":{"country_select":{"en":"Scegli il tuo paese"},"first_name":{"en":"Nome"},"last_name":{"en":"Cognome"},"email":{"en":"Email"},"city":{"en":"Citt\u00e0"},"company":{"en":"Azienda"},"message":{"en":"Messaggio"},"optin":{"en":"I hereby give consent to Malaguti to hold my personal data and contact me with news and updates about Malaguti products and services in accordance with the European GDPR Legislation."},"send_button":{"en":"Mandare"}},"imprint":{"en":"<h2>Impressum:<\/h2>\n<p><strong>Firmenname:<\/strong> KSR Group<br \/>\n<strong>Gesch\u00e4ftsf\u00fchrer:<\/strong> Christian und Michael Kirschenhofer<br \/>\n<strong>Firmenbuchnummer:<\/strong> FN33744z<br \/>\n<strong>Firmenbuchgericht:<\/strong> Landesgericht Krems<br \/>\n<strong>Umsatzsteuer-ID:<\/strong> ATU 18522105<br \/>\n<strong>Gesetzliche Interessensvertretung:<\/strong> Wirtschaftskammer Nieder\u00f6sterreich<br \/>\n<strong>Fachgruppe:<\/strong> Fahrzeughandel<br \/>\n<strong>Berufszweig:<\/strong> Einzelhandel mit Mopeds und Motorr\u00e4dern, Handel mit Automobilen, Motorr\u00e4dern inkl.Bereifung, Zubeh\u00f6r<\/p>\n<p>All information is provided without warranty. Errors and changes are reserved.<\/p>\n"},"confirmation_page":{"title":"Submitted","url":"https:\/\/malaguti-bicycles.com\/submitted\/","target":""},"details":[{"form_name":"Contatto","contact_option_text":"Ho una domanda generica.","visible_fields":["firstNameField","lastNameField","emailField","messageField"],"country_list_or_email":"Email","to_email":"customerservice@malaguti-bicycles.com","optional_cc_email":""},{"form_name":"dealer","contact_option_text":"Vorrei informazioni su come diventare un concessionario Malaguti E-Bike.","visible_fields":["firstNameField","lastNameField","emailField","cityField","companyField","messageField"],"country_list_or_email":"Email","to_email":"customerservice@malaguti-bicycles.com","optional_cc_email":"andy.dillinger@ksr-group.com"},{"form_name":"press","contact_option_text":"Lavoro nei media e desidero saperne di pi\u00f9.","visible_fields":["firstNameField","lastNameField","emailField","mediaField","messageField"],"country_list_or_email":"Email","to_email":"customerservice@malaguti-bicycles.com","optional_cc_email":""}],"distributors":[{"country":{"en":"Belgien","email":"customersupport@malaguti-bicycles.com"}},{"country":{"en":"Deutschland","email":"customersupport@malaguti-bicycles.com"}},{"country":{"en":"Frankreich","email":"customersupport@malaguti-bicycles.com"}},{"country":{"en":"Italien","email":"customersupport@malaguti-bicycles.com"}},{"country":{"en":"\u00d6sterreich","email":"customersupport@malaguti-bicycles.com"}},{"country":{"en":"Schweiz","email":"customersupport@malaguti-bicycles.com"}},{"country":{"en":"Spanien","email":"customersupport@malaguti-bicycles.com"}},{"country":{"en":"United Kingdom","email":"customersupport@malaguti-bicycles.com"}},{"country":{"en":"Other","email":""}}]},"yoast_head":"<!-- This site is optimized with the Yoast SEO plugin v21.1 - https:\/\/yoast.com\/wordpress\/plugins\/seo\/ -->\n<title>Contatto - Malaguti E-bikes<\/title>\n<meta name=\"description\" content=\"Title\" \/>\n<meta name=\"robots\" content=\"index, follow, max-snippet:-1, max-image-preview:large, max-video-preview:-1\" \/>\n<link rel=\"canonical\" href=\"https:\/\/malaguti-bicycles.com\/it\/contact\/\" \/>\n<meta property=\"og:locale\" content=\"it_IT\" \/>\n<meta property=\"og:type\" content=\"article\" \/>\n<meta property=\"og:title\" content=\"Contatto - Malaguti E-bikes\" \/>\n<meta property=\"og:description\" content=\"Title\" \/>\n<meta property=\"og:url\" content=\"https:\/\/malaguti-bicycles.com\/it\/contact\/\" \/>\n<meta property=\"og:site_name\" content=\"Malaguti E-bikes\" \/>\n<meta property=\"article:publisher\" content=\"https:\/\/www.facebook.com\/Malaguti.Bicycles\" \/>\n<meta property=\"article:modified_time\" content=\"2021-12-07T13:55:34+00:00\" \/>\n<meta name=\"twitter:card\" content=\"summary_large_image\" \/>\n<script type=\"application\/ld+json\" class=\"yoast-schema-graph\">{\"@context\":\"https:\/\/schema.org\",\"@graph\":[{\"@type\":\"WebPage\",\"@id\":\"https:\/\/malaguti-bicycles.com\/it\/contact\/\",\"url\":\"https:\/\/malaguti-bicycles.com\/it\/contact\/\",\"name\":\"Contatto - Malaguti E-bikes\",\"isPartOf\":{\"@id\":\"https:\/\/malaguti-bicycles.com\/#website\"},\"datePublished\":\"2021-02-03T14:07:38+00:00\",\"dateModified\":\"2021-12-07T13:55:34+00:00\",\"description\":\"Title\",\"breadcrumb\":{\"@id\":\"https:\/\/malaguti-bicycles.com\/it\/contact\/#breadcrumb\"},\"inLanguage\":\"it-IT\",\"potentialAction\":[{\"@type\":\"ReadAction\",\"target\":[\"https:\/\/malaguti-bicycles.com\/it\/contact\/\"]}]},{\"@type\":\"BreadcrumbList\",\"@id\":\"https:\/\/malaguti-bicycles.com\/it\/contact\/#breadcrumb\",\"itemListElement\":[{\"@type\":\"ListItem\",\"position\":1,\"name\":\"Startseite\",\"item\":\"https:\/\/malaguti-bicycles.com\/it\/\"},{\"@type\":\"ListItem\",\"position\":2,\"name\":\"Contatto\"}]},{\"@type\":\"WebSite\",\"@id\":\"https:\/\/malaguti-bicycles.com\/#website\",\"url\":\"https:\/\/malaguti-bicycles.com\/\",\"name\":\"Malaguti E-Bikes\",\"description\":\"THE SPIRIT OF BOLOGNA\",\"publisher\":{\"@id\":\"https:\/\/malaguti-bicycles.com\/#organization\"},\"potentialAction\":[{\"@type\":\"SearchAction\",\"target\":{\"@type\":\"EntryPoint\",\"urlTemplate\":\"https:\/\/malaguti-bicycles.com\/?s={search_term_string}\"},\"query-input\":\"required name=search_term_string\"}],\"inLanguage\":\"it-IT\"},{\"@type\":\"Organization\",\"@id\":\"https:\/\/malaguti-bicycles.com\/#organization\",\"name\":\"Malaguti E-Bikes\",\"alternateName\":\"KSR Group\",\"url\":\"https:\/\/malaguti-bicycles.com\/\",\"logo\":{\"@type\":\"ImageObject\",\"inLanguage\":\"it-IT\",\"@id\":\"https:\/\/malaguti-bicycles.com\/#\/schema\/logo\/image\/\",\"url\":\"https:\/\/malaguti-bicycles.com\/wp-content\/uploads\/sites\/2\/2023\/03\/KSR_logo.svg\",\"contentUrl\":\"https:\/\/malaguti-bicycles.com\/wp-content\/uploads\/sites\/2\/2023\/03\/KSR_logo.svg\",\"width\":\"1024\",\"height\":\"1024\",\"caption\":\"Malaguti E-Bikes\"},\"image\":{\"@id\":\"https:\/\/malaguti-bicycles.com\/#\/schema\/logo\/image\/\"},\"sameAs\":[\"https:\/\/www.facebook.com\/Malaguti.Bicycles\",\"https:\/\/www.instagram.com\/malaguti_bicycles\/\"]}]}<\/script>\n<!-- \/ Yoast SEO plugin. -->","yoast_head_json":{"title":"Contatto - Malaguti E-bikes","description":"Title","robots":{"index":"index","follow":"follow","max-snippet":"max-snippet:-1","max-image-preview":"max-image-preview:large","max-video-preview":"max-video-preview:-1"},"canonical":"https:\/\/malaguti-bicycles.com\/it\/contact\/","og_locale":"it_IT","og_type":"article","og_title":"Contatto - Malaguti E-bikes","og_description":"Title","og_url":"https:\/\/malaguti-bicycles.com\/it\/contact\/","og_site_name":"Malaguti E-bikes","article_publisher":"https:\/\/www.facebook.com\/Malaguti.Bicycles","article_modified_time":"2021-12-07T13:55:34+00:00","twitter_card":"summary_large_image","schema":{"@context":"https:\/\/schema.org","@graph":[{"@type":"WebPage","@id":"https:\/\/malaguti-bicycles.com\/it\/contact\/","url":"https:\/\/malaguti-bicycles.com\/it\/contact\/","name":"Contatto - Malaguti E-bikes","isPartOf":{"@id":"https:\/\/malaguti-bicycles.com\/#website"},"datePublished":"2021-02-03T14:07:38+00:00","dateModified":"2021-12-07T13:55:34+00:00","description":"Title","breadcrumb":{"@id":"https:\/\/malaguti-bicycles.com\/it\/contact\/#breadcrumb"},"inLanguage":"it-IT","potentialAction":[{"@type":"ReadAction","target":["https:\/\/malaguti-bicycles.com\/it\/contact\/"]}]},{"@type":"BreadcrumbList","@id":"https:\/\/malaguti-bicycles.com\/it\/contact\/#breadcrumb","itemListElement":[{"@type":"ListItem","position":1,"name":"Startseite","item":"https:\/\/malaguti-bicycles.com\/it\/"},{"@type":"ListItem","position":2,"name":"Contatto"}]},{"@type":"WebSite","@id":"https:\/\/malaguti-bicycles.com\/#website","url":"https:\/\/malaguti-bicycles.com\/","name":"Malaguti E-Bikes","description":"THE SPIRIT OF BOLOGNA","publisher":{"@id":"https:\/\/malaguti-bicycles.com\/#organization"},"potentialAction":[{"@type":"SearchAction","target":{"@type":"EntryPoint","urlTemplate":"https:\/\/malaguti-bicycles.com\/?s={search_term_string}"},"query-input":"required name=search_term_string"}],"inLanguage":"it-IT"},{"@type":"Organization","@id":"https:\/\/malaguti-bicycles.com\/#organization","name":"Malaguti E-Bikes","alternateName":"KSR Group","url":"https:\/\/malaguti-bicycles.com\/","logo":{"@type":"ImageObject","inLanguage":"it-IT","@id":"https:\/\/malaguti-bicycles.com\/#\/schema\/logo\/image\/","url":"https:\/\/malaguti-bicycles.com\/wp-content\/uploads\/sites\/2\/2023\/03\/KSR_logo.svg","contentUrl":"https:\/\/malaguti-bicycles.com\/wp-content\/uploads\/sites\/2\/2023\/03\/KSR_logo.svg","width":"1024","height":"1024","caption":"Malaguti E-Bikes"},"image":{"@id":"https:\/\/malaguti-bicycles.com\/#\/schema\/logo\/image\/"},"sameAs":["https:\/\/www.facebook.com\/Malaguti.Bicycles","https:\/\/www.instagram.com\/malaguti_bicycles\/"]}]}},"_links":{"self":[{"href":"https:\/\/malaguti-bicycles.com\/it\/wp-json\/wp\/v2\/pages\/2868"}],"collection":[{"href":"https:\/\/malaguti-bicycles.com\/it\/wp-json\/wp\/v2\/pages"}],"about":[{"href":"https:\/\/malaguti-bicycles.com\/it\/wp-json\/wp\/v2\/types\/page"}],"author":[{"embeddable":true,"href":"https:\/\/malaguti-bicycles.com\/it\/wp-json\/wp\/v2\/users\/4"}],"replies":[{"embeddable":true,"href":"https:\/\/malaguti-bicycles.com\/it\/wp-json\/wp\/v2\/comments?post=2868"}],"version-history":[{"count":5,"href":"https:\/\/malaguti-bicycles.com\/it\/wp-json\/wp\/v2\/pages\/2868\/revisions"}],"predecessor-version":[{"id":4745,"href":"https:\/\/malaguti-bicycles.com\/it\/wp-json\/wp\/v2\/pages\/2868\/revisions\/4745"}],"wp:attachment":[{"href":"https:\/\/malaguti-bicycles.com\/it\/wp-json\/wp\/v2\/media?parent=2868"}],"curies":[{"name":"wp","href":"https:\/\/api.w.org\/{rel}","templated":true}]}}