{"id":10515,"date":"2023-02-09T09:47:26","date_gmt":"2023-02-09T09:47:26","guid":{"rendered":"https:\/\/malaguti-bicycles.com\/gigi-ruef\/"},"modified":"2023-03-14T14:47:28","modified_gmt":"2023-03-14T14:47:28","slug":"gigi-ruef","status":"publish","type":"page","link":"https:\/\/malaguti-bicycles.com\/it_CH\/gigi-ruef\/","title":{"rendered":"Gigi R\u00fcf"},"content":{"rendered":"","protected":false},"excerpt":{"rendered":"","protected":false},"author":20,"featured_media":0,"parent":0,"menu_order":0,"comment_status":"closed","ping_status":"closed","template":"template-content-page.php","meta":{"inline_featured_image":false},"acf":{"content":[{"acf_fc_layout":"text_area","text":"<h1>Brand Buddies<\/h1>\n","cta_button_label":"","cta_link":null},{"acf_fc_layout":"image_grid","image_grid_images":[{"grid_image":{"ID":8906,"id":8906,"title":"malaguti-gigi-abholung","filename":"malaguti-gigi-abholung.webp","filesize":310734,"url":"https:\/\/malaguti-bicycles.com\/wp-content\/uploads\/sites\/2\/2022\/12\/malaguti-gigi-abholung.webp","link":"https:\/\/malaguti-bicycles.com\/it_CH\/gigi-ruef\/malaguti-gigi-abholung-2\/","alt":"Gigi Ruef","author":"20","description":"","caption":"","name":"malaguti-gigi-abholung-2","status":"inherit","uploaded_to":10515,"date":"2022-12-12 13:59:09","modified":"2022-12-20 07:04:48","menu_order":0,"mime_type":"image\/webp","type":"image","subtype":"webp","icon":"https:\/\/malaguti-bicycles.com\/wp-includes\/images\/media\/default.png","width":1980,"height":1114,"sizes":{"thumbnail":"https:\/\/malaguti-bicycles.com\/wp-content\/uploads\/sites\/2\/2022\/12\/malaguti-gigi-abholung-150x150.webp","thumbnail-width":150,"thumbnail-height":150,"medium":"https:\/\/malaguti-bicycles.com\/wp-content\/uploads\/sites\/2\/2022\/12\/malaguti-gigi-abholung-300x169.webp","medium-width":300,"medium-height":169,"medium_large":"https:\/\/malaguti-bicycles.com\/wp-content\/uploads\/sites\/2\/2022\/12\/malaguti-gigi-abholung-768x432.webp","medium_large-width":768,"medium_large-height":432,"large":"https:\/\/malaguti-bicycles.com\/wp-content\/uploads\/sites\/2\/2022\/12\/malaguti-gigi-abholung-1024x576.webp","large-width":1024,"large-height":576,"1536x1536":"https:\/\/malaguti-bicycles.com\/wp-content\/uploads\/sites\/2\/2022\/12\/malaguti-gigi-abholung-1536x864.webp","1536x1536-width":1536,"1536x1536-height":864,"2048x2048":"https:\/\/malaguti-bicycles.com\/wp-content\/uploads\/sites\/2\/2022\/12\/malaguti-gigi-abholung.webp","2048x2048-width":1980,"2048x2048-height":1114}},"grid_image_width":"100"}]},{"acf_fc_layout":"spacer","desktop":"100","tablet":"75","phone":"50","background_colour":"#000"},{"acf_fc_layout":"text_image","text":"<h1 style=\"text-align: left;\">Christian \u201aGigi\u2018 R\u00fcf<\/h1>\n<p style=\"text-align: left;\"><strong>Born:<\/strong> 1981<\/p>\n<p style=\"text-align: left;\"><strong>Homebase:<\/strong> Schwarzach, Austria<\/p>\n<p style=\"text-align: left;\"><strong>Disciplines: <\/strong>Freestyle and Freeride Snowboard<\/p>\n<p style=\"text-align: left;\"><strong>Biggest successes:<\/strong><\/p>\n<p style=\"text-align: left;\"><strong>2 Platz <\/strong>X Games 2012<br \/>\n<strong>2nd <\/strong>Supernatural 2013<br \/>\n<strong>1st <\/strong>Ultranatural 2014<br \/>\nTransworld Riders Poll <strong>Standout Performance <\/strong>Award 2014<br \/>\n<strong>1st <\/strong>Place Snowboarder Top Ten <strong>Riders of the Year 2014<br \/>\n<\/strong><strong>3 Platz <\/strong>X Games 2015<br \/>\n<strong>3 <\/strong>Freeride Worldtour in Andorra 2018<br \/>\n<strong>1 <\/strong>Freeride Worldtour in Fieberbrunn 2018<br \/>\n<strong>2 <\/strong>Freeride Worldtour in Fieberbrunn 2020<\/p>\n<p style=\"text-align: left;\"><strong>Bike:<\/strong> The top-equipped Superiore LTD<\/p>\n<p style=\"text-align: left;\"><strong>Why:<\/strong> It is very helpful in letting go of old habits. It floats like the wind and you can feel what surrounds you. I can give daily goals my personally exciting something, but above all arrive balanced.<\/p>\n<p style=\"text-align: left;\">Location: All Mountain Ready for the direct line to the destination. That I can choose the right bike is perfect.<\/p>\n<p style=\"text-align: left;\"><strong>5 word which describe me best:<\/strong> friendly, casual, helpful, I like to be prepared but adventurous<\/p>\n<p style=\"text-align: left;\"><strong>What you don&#8217;t know about me:<\/strong><br \/>\nI have my childhood sweetheart as a wife and two children. On the one hand, we spend our summer free time in the bike parks and in winter we like snowboarding. As a hobby beekeeper, I always have a fresh glass of honey on our breakfast table.<\/p>\n<p style=\"text-align: left;\"><strong>Website:<\/strong> <a href=\"http:\/\/www.slashsnow.com\">www.slashsnow.com<\/a>,<\/p>\n<p style=\"text-align: left;\"><strong><a href=\"https:\/\/www.instagram.com\/gigiruf\/\" target=\"_blank\" rel=\"noopener\">Instagram<\/a><\/strong><\/p>\n<p>&nbsp;<\/p>\n","image":{"ID":8914,"id":8914,"title":"malaguti-gigi-portrait","filename":"malaguti-gigi-portrait.webp","filesize":115760,"url":"https:\/\/malaguti-bicycles.com\/wp-content\/uploads\/sites\/2\/2022\/12\/malaguti-gigi-portrait.webp","link":"https:\/\/malaguti-bicycles.com\/it_CH\/gigi-ruef\/malaguti-gigi-portrait-2\/","alt":"Gigi Ruef","author":"20","description":"","caption":"","name":"malaguti-gigi-portrait-2","status":"inherit","uploaded_to":10515,"date":"2022-12-12 13:59:48","modified":"2022-12-20 07:04:27","menu_order":0,"mime_type":"image\/webp","type":"image","subtype":"webp","icon":"https:\/\/malaguti-bicycles.com\/wp-includes\/images\/media\/default.png","width":800,"height":1067,"sizes":{"thumbnail":"https:\/\/malaguti-bicycles.com\/wp-content\/uploads\/sites\/2\/2022\/12\/malaguti-gigi-portrait-150x150.webp","thumbnail-width":150,"thumbnail-height":150,"medium":"https:\/\/malaguti-bicycles.com\/wp-content\/uploads\/sites\/2\/2022\/12\/malaguti-gigi-portrait-225x300.webp","medium-width":225,"medium-height":300,"medium_large":"https:\/\/malaguti-bicycles.com\/wp-content\/uploads\/sites\/2\/2022\/12\/malaguti-gigi-portrait-768x1024.webp","medium_large-width":768,"medium_large-height":1024,"large":"https:\/\/malaguti-bicycles.com\/wp-content\/uploads\/sites\/2\/2022\/12\/malaguti-gigi-portrait-768x1024.webp","large-width":768,"large-height":1024,"1536x1536":"https:\/\/malaguti-bicycles.com\/wp-content\/uploads\/sites\/2\/2022\/12\/malaguti-gigi-portrait.webp","1536x1536-width":800,"1536x1536-height":1067,"2048x2048":"https:\/\/malaguti-bicycles.com\/wp-content\/uploads\/sites\/2\/2022\/12\/malaguti-gigi-portrait.webp","2048x2048-width":800,"2048x2048-height":1067}},"options":{"image_position":"image-position-right","background_colour":"background-white","width":"","vertical_padding":""}},{"acf_fc_layout":"image_grid","image_grid_images":[{"grid_image":{"ID":8369,"id":8369,"title":"gigi_04","filename":"gigi_04.webp","filesize":832354,"url":"https:\/\/malaguti-bicycles.com\/wp-content\/uploads\/sites\/2\/2022\/10\/gigi_04.webp","link":"https:\/\/malaguti-bicycles.com\/it_CH\/gigi-ruef\/gigi_04-2\/","alt":"Gigi Malaguti Bikes","author":"20","description":"","caption":"","name":"gigi_04-2","status":"inherit","uploaded_to":10515,"date":"2022-10-25 08:12:10","modified":"2022-12-20 07:13:54","menu_order":0,"mime_type":"image\/webp","type":"image","subtype":"webp","icon":"https:\/\/malaguti-bicycles.com\/wp-includes\/images\/media\/default.png","width":1980,"height":1114,"sizes":{"thumbnail":"https:\/\/malaguti-bicycles.com\/wp-content\/uploads\/sites\/2\/2022\/10\/gigi_04-150x150.webp","thumbnail-width":150,"thumbnail-height":150,"medium":"https:\/\/malaguti-bicycles.com\/wp-content\/uploads\/sites\/2\/2022\/10\/gigi_04-300x169.webp","medium-width":300,"medium-height":169,"medium_large":"https:\/\/malaguti-bicycles.com\/wp-content\/uploads\/sites\/2\/2022\/10\/gigi_04-768x432.webp","medium_large-width":768,"medium_large-height":432,"large":"https:\/\/malaguti-bicycles.com\/wp-content\/uploads\/sites\/2\/2022\/10\/gigi_04-1024x576.webp","large-width":1024,"large-height":576,"1536x1536":"https:\/\/malaguti-bicycles.com\/wp-content\/uploads\/sites\/2\/2022\/10\/gigi_04-1536x864.webp","1536x1536-width":1536,"1536x1536-height":864,"2048x2048":"https:\/\/malaguti-bicycles.com\/wp-content\/uploads\/sites\/2\/2022\/10\/gigi_04.webp","2048x2048-width":1980,"2048x2048-height":1114}},"grid_image_width":"100"},{"grid_image":{"ID":8377,"id":8377,"title":"gigi_02","filename":"gigi_02.webp","filesize":310868,"url":"https:\/\/malaguti-bicycles.com\/wp-content\/uploads\/sites\/2\/2022\/10\/gigi_02.webp","link":"https:\/\/malaguti-bicycles.com\/it_CH\/gigi-ruef\/gigi_02-2\/","alt":"Gigi R\u00fcf","author":"20","description":"","caption":"","name":"gigi_02-2","status":"inherit","uploaded_to":10515,"date":"2022-10-25 08:13:41","modified":"2022-12-20 07:13:33","menu_order":0,"mime_type":"image\/webp","type":"image","subtype":"webp","icon":"https:\/\/malaguti-bicycles.com\/wp-includes\/images\/media\/default.png","width":800,"height":1067,"sizes":{"thumbnail":"https:\/\/malaguti-bicycles.com\/wp-content\/uploads\/sites\/2\/2022\/10\/gigi_02-150x150.webp","thumbnail-width":150,"thumbnail-height":150,"medium":"https:\/\/malaguti-bicycles.com\/wp-content\/uploads\/sites\/2\/2022\/10\/gigi_02-225x300.webp","medium-width":225,"medium-height":300,"medium_large":"https:\/\/malaguti-bicycles.com\/wp-content\/uploads\/sites\/2\/2022\/10\/gigi_02-768x1024.webp","medium_large-width":768,"medium_large-height":1024,"large":"https:\/\/malaguti-bicycles.com\/wp-content\/uploads\/sites\/2\/2022\/10\/gigi_02-768x1024.webp","large-width":768,"large-height":1024,"1536x1536":"https:\/\/malaguti-bicycles.com\/wp-content\/uploads\/sites\/2\/2022\/10\/gigi_02.webp","1536x1536-width":800,"1536x1536-height":1067,"2048x2048":"https:\/\/malaguti-bicycles.com\/wp-content\/uploads\/sites\/2\/2022\/10\/gigi_02.webp","2048x2048-width":800,"2048x2048-height":1067}},"grid_image_width":"50"},{"grid_image":{"ID":8404,"id":8404,"title":"gigi_07","filename":"gigi_07-1.webp","filesize":240572,"url":"https:\/\/malaguti-bicycles.com\/wp-content\/uploads\/sites\/2\/2022\/10\/gigi_07-1.webp","link":"https:\/\/malaguti-bicycles.com\/it_CH\/gigi-ruef\/gigi_07-2-2\/","alt":"Gigi R\u00fcf","author":"20","description":"","caption":"","name":"gigi_07-2-2","status":"inherit","uploaded_to":10515,"date":"2022-10-25 08:20:17","modified":"2022-12-20 07:13:14","menu_order":0,"mime_type":"image\/webp","type":"image","subtype":"webp","icon":"https:\/\/malaguti-bicycles.com\/wp-includes\/images\/media\/default.png","width":800,"height":1067,"sizes":{"thumbnail":"https:\/\/malaguti-bicycles.com\/wp-content\/uploads\/sites\/2\/2022\/10\/gigi_07-1-150x150.webp","thumbnail-width":150,"thumbnail-height":150,"medium":"https:\/\/malaguti-bicycles.com\/wp-content\/uploads\/sites\/2\/2022\/10\/gigi_07-1-225x300.webp","medium-width":225,"medium-height":300,"medium_large":"https:\/\/malaguti-bicycles.com\/wp-content\/uploads\/sites\/2\/2022\/10\/gigi_07-1-768x1024.webp","medium_large-width":768,"medium_large-height":1024,"large":"https:\/\/malaguti-bicycles.com\/wp-content\/uploads\/sites\/2\/2022\/10\/gigi_07-1-768x1024.webp","large-width":768,"large-height":1024,"1536x1536":"https:\/\/malaguti-bicycles.com\/wp-content\/uploads\/sites\/2\/2022\/10\/gigi_07-1.webp","1536x1536-width":800,"1536x1536-height":1067,"2048x2048":"https:\/\/malaguti-bicycles.com\/wp-content\/uploads\/sites\/2\/2022\/10\/gigi_07-1.webp","2048x2048-width":800,"2048x2048-height":1067}},"grid_image_width":"50"}]},{"acf_fc_layout":"text_area","text":"<p style=\"text-align: left;\">He has been successful with his own snowboard brand &#8220;Slash&#8221; since 2012 and is still just as active today as he was more than 20 years ago when he made his film debut in the USA. Gigi has managed to preserve his inner child, has always put fun in the foreground and has lost nothing of creativity to this day.<\/p>\n<p style=\"text-align: left;\">So that he will always feel at home in the mountains and climb with his Malaguti Superiore just as effortlessly as in winter on the board.<\/p>\n","cta_button_label":"","cta_link":null}],"meta_description":"Als Snowboarder und Arbeitstier  hat All-Star Gigi R\u00fcf eine Sportart, einen Livestyle von der ersten Stunde an mitgepr\u00e4gt.","meta_keywords":"Gigi R\u00fcf, Brand Buddy, Malaguti, e-bike, v\u00e9lo d'enduro, v\u00e9lo, Becane, Bicyclette, VTTAE, VTT \u00c9lectriques, assistance \u00e9lectrique, V\u00e9los \u00c9lectriques,  All Mountain, motorisation, p\u00e9dalage, v\u00e9lo tout-terrain, v\u00e9los hybrides, tout-suspendu, enduro, Cross Country MTB, Cross Country emtb, E mountainbike, Allround e mtb, MTB pedelec, ebike hardtail, Elektrofahrrad, e-bike, ebike, Pedelec, Elektrobike, SRAM, Shimano, Campagnolo, biciletta, bici, giro"},"yoast_head":"<!-- This site is optimized with the Yoast SEO plugin v21.1 - https:\/\/yoast.com\/wordpress\/plugins\/seo\/ -->\n<title>Gigi R\u00fcf - Malaguti E-bikes<\/title>\n<meta name=\"description\" content=\"Als Snowboarder und Arbeitstier hat All-Star Gigi R\u00fcf eine Sportart, einen Livestyle von der ersten Stunde an mitgepr\u00e4gt.\" \/>\n<meta name=\"robots\" content=\"index, follow, max-snippet:-1, max-image-preview:large, max-video-preview:-1\" \/>\n<link rel=\"canonical\" href=\"https:\/\/malaguti-bicycles.com\/it_CH\/gigi-ruef\/\" \/>\n<meta property=\"og:locale\" content=\"it_IT\" \/>\n<meta property=\"og:type\" content=\"article\" \/>\n<meta property=\"og:title\" content=\"Gigi R\u00fcf - Malaguti E-bikes\" \/>\n<meta property=\"og:description\" content=\"Als Snowboarder und Arbeitstier hat All-Star Gigi R\u00fcf eine Sportart, einen Livestyle von der ersten Stunde an mitgepr\u00e4gt.\" \/>\n<meta property=\"og:url\" content=\"https:\/\/malaguti-bicycles.com\/it_CH\/gigi-ruef\/\" \/>\n<meta property=\"og:site_name\" content=\"Malaguti E-bikes\" \/>\n<meta property=\"article:publisher\" content=\"https:\/\/www.facebook.com\/Malaguti.Bicycles\" \/>\n<meta property=\"article:modified_time\" content=\"2023-03-14T14:47:28+00:00\" \/>\n<meta name=\"twitter:card\" content=\"summary_large_image\" \/>\n<script type=\"application\/ld+json\" class=\"yoast-schema-graph\">{\"@context\":\"https:\/\/schema.org\",\"@graph\":[{\"@type\":\"WebPage\",\"@id\":\"https:\/\/malaguti-bicycles.com\/it_CH\/gigi-ruef\/\",\"url\":\"https:\/\/malaguti-bicycles.com\/it_CH\/gigi-ruef\/\",\"name\":\"Gigi R\u00fcf - Malaguti E-bikes\",\"isPartOf\":{\"@id\":\"https:\/\/malaguti-bicycles.com\/#website\"},\"datePublished\":\"2023-02-09T09:47:26+00:00\",\"dateModified\":\"2023-03-14T14:47:28+00:00\",\"description\":\"Als Snowboarder und Arbeitstier hat All-Star Gigi R\u00fcf eine Sportart, einen Livestyle von der ersten Stunde an mitgepr\u00e4gt.\",\"breadcrumb\":{\"@id\":\"https:\/\/malaguti-bicycles.com\/it_CH\/gigi-ruef\/#breadcrumb\"},\"inLanguage\":\"it-CH\",\"potentialAction\":[{\"@type\":\"ReadAction\",\"target\":[\"https:\/\/malaguti-bicycles.com\/it_CH\/gigi-ruef\/\"]}]},{\"@type\":\"BreadcrumbList\",\"@id\":\"https:\/\/malaguti-bicycles.com\/it_CH\/gigi-ruef\/#breadcrumb\",\"itemListElement\":[{\"@type\":\"ListItem\",\"position\":1,\"name\":\"Startseite\",\"item\":\"https:\/\/malaguti-bicycles.com\/it_CH\/\"},{\"@type\":\"ListItem\",\"position\":2,\"name\":\"Gigi R\u00fcf\"}]},{\"@type\":\"WebSite\",\"@id\":\"https:\/\/malaguti-bicycles.com\/#website\",\"url\":\"https:\/\/malaguti-bicycles.com\/\",\"name\":\"Malaguti E-Bikes\",\"description\":\"THE SPIRIT OF BOLOGNA\",\"publisher\":{\"@id\":\"https:\/\/malaguti-bicycles.com\/#organization\"},\"potentialAction\":[{\"@type\":\"SearchAction\",\"target\":{\"@type\":\"EntryPoint\",\"urlTemplate\":\"https:\/\/malaguti-bicycles.com\/?s={search_term_string}\"},\"query-input\":\"required name=search_term_string\"}],\"inLanguage\":\"it-CH\"},{\"@type\":\"Organization\",\"@id\":\"https:\/\/malaguti-bicycles.com\/#organization\",\"name\":\"Malaguti E-Bikes\",\"alternateName\":\"KSR Group\",\"url\":\"https:\/\/malaguti-bicycles.com\/\",\"logo\":{\"@type\":\"ImageObject\",\"inLanguage\":\"it-CH\",\"@id\":\"https:\/\/malaguti-bicycles.com\/#\/schema\/logo\/image\/\",\"url\":\"https:\/\/malaguti-bicycles.com\/wp-content\/uploads\/sites\/2\/2023\/03\/KSR_logo.svg\",\"contentUrl\":\"https:\/\/malaguti-bicycles.com\/wp-content\/uploads\/sites\/2\/2023\/03\/KSR_logo.svg\",\"width\":\"1024\",\"height\":\"1024\",\"caption\":\"Malaguti E-Bikes\"},\"image\":{\"@id\":\"https:\/\/malaguti-bicycles.com\/#\/schema\/logo\/image\/\"},\"sameAs\":[\"https:\/\/www.facebook.com\/Malaguti.Bicycles\",\"https:\/\/www.instagram.com\/malaguti_bicycles\/\"]}]}<\/script>\n<!-- \/ Yoast SEO plugin. -->","yoast_head_json":{"title":"Gigi R\u00fcf - Malaguti E-bikes","description":"Als Snowboarder und Arbeitstier hat All-Star Gigi R\u00fcf eine Sportart, einen Livestyle von der ersten Stunde an mitgepr\u00e4gt.","robots":{"index":"index","follow":"follow","max-snippet":"max-snippet:-1","max-image-preview":"max-image-preview:large","max-video-preview":"max-video-preview:-1"},"canonical":"https:\/\/malaguti-bicycles.com\/it_CH\/gigi-ruef\/","og_locale":"it_IT","og_type":"article","og_title":"Gigi R\u00fcf - Malaguti E-bikes","og_description":"Als Snowboarder und Arbeitstier hat All-Star Gigi R\u00fcf eine Sportart, einen Livestyle von der ersten Stunde an mitgepr\u00e4gt.","og_url":"https:\/\/malaguti-bicycles.com\/it_CH\/gigi-ruef\/","og_site_name":"Malaguti E-bikes","article_publisher":"https:\/\/www.facebook.com\/Malaguti.Bicycles","article_modified_time":"2023-03-14T14:47:28+00:00","twitter_card":"summary_large_image","schema":{"@context":"https:\/\/schema.org","@graph":[{"@type":"WebPage","@id":"https:\/\/malaguti-bicycles.com\/it_CH\/gigi-ruef\/","url":"https:\/\/malaguti-bicycles.com\/it_CH\/gigi-ruef\/","name":"Gigi R\u00fcf - Malaguti E-bikes","isPartOf":{"@id":"https:\/\/malaguti-bicycles.com\/#website"},"datePublished":"2023-02-09T09:47:26+00:00","dateModified":"2023-03-14T14:47:28+00:00","description":"Als Snowboarder und Arbeitstier hat All-Star Gigi R\u00fcf eine Sportart, einen Livestyle von der ersten Stunde an mitgepr\u00e4gt.","breadcrumb":{"@id":"https:\/\/malaguti-bicycles.com\/it_CH\/gigi-ruef\/#breadcrumb"},"inLanguage":"it-CH","potentialAction":[{"@type":"ReadAction","target":["https:\/\/malaguti-bicycles.com\/it_CH\/gigi-ruef\/"]}]},{"@type":"BreadcrumbList","@id":"https:\/\/malaguti-bicycles.com\/it_CH\/gigi-ruef\/#breadcrumb","itemListElement":[{"@type":"ListItem","position":1,"name":"Startseite","item":"https:\/\/malaguti-bicycles.com\/it_CH\/"},{"@type":"ListItem","position":2,"name":"Gigi R\u00fcf"}]},{"@type":"WebSite","@id":"https:\/\/malaguti-bicycles.com\/#website","url":"https:\/\/malaguti-bicycles.com\/","name":"Malaguti E-Bikes","description":"THE SPIRIT OF BOLOGNA","publisher":{"@id":"https:\/\/malaguti-bicycles.com\/#organization"},"potentialAction":[{"@type":"SearchAction","target":{"@type":"EntryPoint","urlTemplate":"https:\/\/malaguti-bicycles.com\/?s={search_term_string}"},"query-input":"required name=search_term_string"}],"inLanguage":"it-CH"},{"@type":"Organization","@id":"https:\/\/malaguti-bicycles.com\/#organization","name":"Malaguti E-Bikes","alternateName":"KSR Group","url":"https:\/\/malaguti-bicycles.com\/","logo":{"@type":"ImageObject","inLanguage":"it-CH","@id":"https:\/\/malaguti-bicycles.com\/#\/schema\/logo\/image\/","url":"https:\/\/malaguti-bicycles.com\/wp-content\/uploads\/sites\/2\/2023\/03\/KSR_logo.svg","contentUrl":"https:\/\/malaguti-bicycles.com\/wp-content\/uploads\/sites\/2\/2023\/03\/KSR_logo.svg","width":"1024","height":"1024","caption":"Malaguti E-Bikes"},"image":{"@id":"https:\/\/malaguti-bicycles.com\/#\/schema\/logo\/image\/"},"sameAs":["https:\/\/www.facebook.com\/Malaguti.Bicycles","https:\/\/www.instagram.com\/malaguti_bicycles\/"]}]}},"_links":{"self":[{"href":"https:\/\/malaguti-bicycles.com\/it_CH\/wp-json\/wp\/v2\/pages\/10515"}],"collection":[{"href":"https:\/\/malaguti-bicycles.com\/it_CH\/wp-json\/wp\/v2\/pages"}],"about":[{"href":"https:\/\/malaguti-bicycles.com\/it_CH\/wp-json\/wp\/v2\/types\/page"}],"author":[{"embeddable":true,"href":"https:\/\/malaguti-bicycles.com\/it_CH\/wp-json\/wp\/v2\/users\/20"}],"replies":[{"embeddable":true,"href":"https:\/\/malaguti-bicycles.com\/it_CH\/wp-json\/wp\/v2\/comments?post=10515"}],"version-history":[{"count":1,"href":"https:\/\/malaguti-bicycles.com\/it_CH\/wp-json\/wp\/v2\/pages\/10515\/revisions"}],"predecessor-version":[{"id":10518,"href":"https:\/\/malaguti-bicycles.com\/it_CH\/wp-json\/wp\/v2\/pages\/10515\/revisions\/10518"}],"wp:attachment":[{"href":"https:\/\/malaguti-bicycles.com\/it_CH\/wp-json\/wp\/v2\/media?parent=10515"}],"curies":[{"name":"wp","href":"https:\/\/api.w.org\/{rel}","templated":true}]}}